{"id":393,"date":"2024-06-10T13:36:37","date_gmt":"2024-06-10T13:36:37","guid":{"rendered":"https:\/\/adv-transport2.eksperci.com.pl\/?page_id=393"},"modified":"2024-11-27T12:49:26","modified_gmt":"2024-11-27T12:49:26","slug":"transport-samochodowy","status":"publish","type":"page","link":"https:\/\/adv-transport.com\/en\/uslugi\/transport-samochodowy\/","title":{"rendered":"Road freight"},"content":{"rendered":"<div class=\"wp-block-uagb-container uagb-block-48f09e77 alignfull uagb-is-root-container\"><div class=\"uagb-container-inner-blocks-wrap\">\n<div class=\"wp-block-uagb-advanced-heading uagb-block-a606d50e\"><p class=\"uagb-desc-text\">TRANSPORT SERVICES<\/p><h1 class=\"uagb-heading-text\">Road freight<\/h1><\/div>\n<\/div><\/div>\n\n\n\n<div class=\"wp-block-uagb-container uagb-block-3ec541a0 alignfull uagb-is-root-container\"><\/div>\n\n\n\n<div class=\"wp-block-columns is-layout-flex wp-container-core-columns-is-layout-28f84493 wp-block-columns-is-layout-flex\">\n<div class=\"wp-block-column is-layout-flow wp-block-column-is-layout-flow\" style=\"flex-basis:100%\">\n<p><strong>We organise <\/strong>road transport deliveries for road freight, especially at the customer's request. We plan optimal routes depending on the client's needs. Deliveries are monitored, and transport is insured. We have the necessary documentation to carry out road transport: Certificate of Professional Competence in Road Transport of Goods No. 03640\/TR\/22 and License No. 267\/2022 for road transport in the field of intermediation in the transport of goods.<\/p>\n\n\n\n<h3 class=\"wp-block-heading has-text-align-center\"><strong>Approximate dimensions and load capacity of trucks<\/strong> <\/h3>\n\n\n\n<style>\n            table, tr, td{\n                border: 1px solid black;\n                border-collapse: collapse;\n                text-align: center;\n                padding: 10px;\n            }\n            .c1{\n                background-color: darkblue;\n                color: white;\n            }\n        <\/style>  \n<table>\n                <tr class=\"c1\">\n                    <td class=\"c1\">Capacity<br>in tons<\/td>\n                    <td class=\"c1\">Amount of pallets<\/td>\n                    <td class=\"c1\">Dimensions in m<br>(length x width x<br>height)<\/td>\n                    <td class=\"c1\">Volume in  m<sup>3<\/sup><\/td>\n                <\/tr>\n                <tr>\n                    <td>0,9-1,5<\/td>\n                    <td>4<\/td>\n                    <td>3,60&#215;1,80&#215;1,70<\/td>\n                    <td>11<\/td>\n                <\/tr>\n                <tr>\n                    <td>1,5<\/td>\n                    <td>5<\/td>\n                    <td>4,20&#215;1,80&#215;1,70<\/td>\n                    <td>13<\/td>\n                <\/tr>\n                <tr>\n                    <td>2<\/td>\n                    <td>8<\/td>\n                    <td>4,20&#215;2,05&#215;2,05<\/td>\n                    <td>18<\/td>\n                <\/tr>\n                <tr>\n                    <td>3<\/td>\n                    <td>10<\/td>\n                    <td>5,00&#215;2,05&#215;2,05<\/td>\n                    <td>21<\/td>\n                <\/tr>\n                <tr>\n                    <td>2,5<\/td>\n                    <td>12<\/td>\n                    <td>5,90&#215;2,05z2,05<\/td>\n                    <td>25<\/td>\n                <\/tr>\n                <tr>\n                    <td>3,5-5<\/td>\n                    <td>15<\/td>\n                    <td>6,20&#215;2,45&#215;2,35<\/td>\n                    <td>35<\/td>\n                <\/tr>\n                <tr>\n                    <td>6<\/td>\n                    <td>18<\/td>\n                    <td>7,20&#215;2,45&#215;2,45<\/td>\n                    <td>43<\/td>\n                <\/tr>\n                <tr>\n                    <td>8 &#8211; 10<\/td>\n                    <td>20<\/td>\n                    <td>8,00&#215;2,45&#215;2,35<\/td>\n                    <td>45<\/td>\n                <\/tr>\n                <tr>\n                    <td>12 &#8211; 24<\/td>\n                    <td>38<\/td>\n                    <td>7,65&#215;2,45&#215;2,50 &#8211; 2,80 +<br>7,65&#215;2,45&#215;2,50 &#8211; 3,00<\/td>\n                    <td>90 &#8211; 110<\/td>\n                <\/tr>\n                <tr>\n                    <td>24<\/td>\n                    <td>33<\/td>\n                    <td>13,60&#215;2,45&#215;2,50 &#8211; 2,85<\/td>\n                    <td>80 &#8211; 95<\/td>\n                <\/tr>\n                <tr>\n                    <td>24<\/td>\n                    <td>33<\/td>\n                    <td>13,60&#215;2,45&#215;3,00 (mega)<\/td>\n                    <td>100<\/td>\n                <\/tr>\n            <\/table>\n        <\/main>\n    <\/body>\n\n\n\n<div style=\"height:20px\" aria-hidden=\"true\" class=\"wp-block-spacer\"><\/div>\n\n\n\n<p><strong>Customs agency and warehousing services.<\/strong>At the customer's request, as a form of comprehensive forwarding service, we offer various forms of customs clearance in the country and in many locations around the world. We also provide storage, transit and consolidation services for shipments in transport.\u2019<\/p>\n<\/div>\n<\/div>\n\n\n\n<div class=\"wp-block-uagb-container uagb-block-9c27b936 alignfull uagb-is-root-container\"><div class=\"uagb-container-inner-blocks-wrap\">\n<div class=\"wp-block-uagb-info-box uagb-block-51fe0c8f uagb-infobox__content-wrap  uagb-infobox-icon-above-title uagb-infobox-image-valign-top\"><div class=\"uagb-ifb-content\"><div class=\"uagb-ifb-title-wrap\"><h2 class=\"uagb-ifb-title\">Use Our Services Today<\/h2><\/div><p class=\"uagb-ifb-desc\">Contact us to discuss the details and start using our professional transport services.<\/p><div class=\"uagb-ifb-button-wrapper wp-block-button\"><a href=\"\/en\/kontakt\/\" class=\"uagb-infobox-cta-link wp-block-button__link\" target=\"_self\" rel=\"noopener noreferrer\" onclick=\"return true;\"><span class=\"uagb-inline-editing\">CHECK NOW<\/span><\/a><\/div><\/div><\/div>\n<\/div><\/div>","protected":false},"excerpt":{"rendered":"<p>Us\u0142ugi transportowe Transport Samochodowy Transport samochodowy, organizujemy dostawy w transporcie drogowym specjalnie na \u017cyczenie klienta. Planujemy optymalne trasy w zale\u017cno\u015bci [&hellip;]<\/p>","protected":false},"author":1,"featured_media":0,"parent":319,"menu_order":0,"comment_status":"closed","ping_status":"closed","template":"","meta":{"_uag_custom_page_level_css":"","site-sidebar-layout":"default","site-content-layout":"","ast-site-content-layout":"","site-content-style":"default","site-sidebar-style":"default","ast-global-header-display":"","ast-banner-title-visibility":"","ast-main-header-display":"","ast-hfb-above-header-display":"","ast-hfb-below-header-display":"","ast-hfb-mobile-header-display":"","site-post-title":"disabled","ast-breadcrumbs-content":"","ast-featured-img":"","footer-sml-layout":"","theme-transparent-header-meta":"","adv-header-id-meta":"","stick-header-meta":"","header-above-stick-meta":"","header-main-stick-meta":"","header-below-stick-meta":"","astra-migrate-meta-layouts":"default","ast-page-background-enabled":"default","ast-page-background-meta":{"desktop":{"background-color":"var(--ast-global-color-4)","background-image":"","background-repeat":"repeat","background-position":"center center","background-size":"auto","background-attachment":"scroll","background-type":"","background-media":"","overlay-type":"","overlay-color":"","overlay-opacity":"","overlay-gradient":""},"tablet":{"background-color":"","background-image":"","background-repeat":"repeat","background-position":"center center","background-size":"auto","background-attachment":"scroll","background-type":"","background-media":"","overlay-type":"","overlay-color":"","overlay-opacity":"","overlay-gradient":""},"mobile":{"background-color":"","background-image":"","background-repeat":"repeat","background-position":"center center","background-size":"auto","background-attachment":"scroll","background-type":"","background-media":"","overlay-type":"","overlay-color":"","overlay-opacity":"","overlay-gradient":""}},"ast-content-background-meta":{"desktop":{"background-color":"var(--ast-global-color-5)","background-image":"","background-repeat":"repeat","background-position":"center center","background-size":"auto","background-attachment":"scroll","background-type":"","background-media":"","overlay-type":"","overlay-color":"","overlay-opacity":"","overlay-gradient":""},"tablet":{"background-color":"var(--ast-global-color-5)","background-image":"","background-repeat":"repeat","background-position":"center center","background-size":"auto","background-attachment":"scroll","background-type":"","background-media":"","overlay-type":"","overlay-color":"","overlay-opacity":"","overlay-gradient":""},"mobile":{"background-color":"var(--ast-global-color-5)","background-image":"","background-repeat":"repeat","background-position":"center center","background-size":"auto","background-attachment":"scroll","background-type":"","background-media":"","overlay-type":"","overlay-color":"","overlay-opacity":"","overlay-gradient":""}},"footnotes":""},"class_list":["post-393","page","type-page","status-publish","hentry"],"yoast_head":"<!-- This site is optimized with the Yoast SEO plugin v25.5 - https:\/\/yoast.com\/wordpress\/plugins\/seo\/ -->\n<title>Profesjonalny transport samochodowy dla firm<\/title>\n<meta name=\"description\" content=\"Szukasz firmy do transportu mi\u0119dzynarodowego? Morskiego? Lotniczego? Kolejowego? Samochodowego? Zapraszamy do szkorzystania z naszej oferty.\" \/>\n<meta name=\"robots\" content=\"index, follow, max-snippet:-1, max-image-preview:large, max-video-preview:-1\" \/>\n<link rel=\"canonical\" href=\"https:\/\/adv-transport.com\/en\/uslugi\/transport-samochodowy\/\" \/>\n<meta property=\"og:locale\" content=\"en_GB\" \/>\n<meta property=\"og:type\" content=\"article\" \/>\n<meta property=\"og:title\" content=\"Profesjonalny transport samochodowy dla firm\" \/>\n<meta property=\"og:description\" content=\"Szukasz firmy do transportu mi\u0119dzynarodowego? Morskiego? Lotniczego? Kolejowego? Samochodowego? Zapraszamy do szkorzystania z naszej oferty.\" \/>\n<meta property=\"og:url\" content=\"https:\/\/adv-transport.com\/en\/uslugi\/transport-samochodowy\/\" \/>\n<meta property=\"og:site_name\" content=\"adv-transport.com\" \/>\n<meta property=\"article:modified_time\" content=\"2024-11-27T12:49:26+00:00\" \/>\n<meta name=\"twitter:card\" content=\"summary_large_image\" \/>\n<meta name=\"twitter:label1\" content=\"Estimated reading time\" \/>\n\t<meta name=\"twitter:data1\" content=\"2 minutes\" \/>\n<script type=\"application\/ld+json\" class=\"yoast-schema-graph\">{\"@context\":\"https:\/\/schema.org\",\"@graph\":[{\"@type\":\"WebPage\",\"@id\":\"https:\/\/adv-transport.com\/uslugi\/transport-samochodowy\/\",\"url\":\"https:\/\/adv-transport.com\/uslugi\/transport-samochodowy\/\",\"name\":\"Profesjonalny transport samochodowy dla firm\",\"isPartOf\":{\"@id\":\"https:\/\/adv-transport.com\/#website\"},\"datePublished\":\"2024-06-10T13:36:37+00:00\",\"dateModified\":\"2024-11-27T12:49:26+00:00\",\"description\":\"Szukasz firmy do transportu mi\u0119dzynarodowego? Morskiego? Lotniczego? Kolejowego? Samochodowego? Zapraszamy do szkorzystania z naszej oferty.\",\"breadcrumb\":{\"@id\":\"https:\/\/adv-transport.com\/uslugi\/transport-samochodowy\/#breadcrumb\"},\"inLanguage\":\"en-GB\",\"potentialAction\":[{\"@type\":\"ReadAction\",\"target\":[\"https:\/\/adv-transport.com\/uslugi\/transport-samochodowy\/\"]}]},{\"@type\":\"BreadcrumbList\",\"@id\":\"https:\/\/adv-transport.com\/uslugi\/transport-samochodowy\/#breadcrumb\",\"itemListElement\":[{\"@type\":\"ListItem\",\"position\":1,\"name\":\"Strona g\u0142\u00f3wna\",\"item\":\"https:\/\/adv-transport.com\/\"},{\"@type\":\"ListItem\",\"position\":2,\"name\":\"Us\u0142ugi\",\"item\":\"https:\/\/adv-transport.com\/en\/uslugi\/\"},{\"@type\":\"ListItem\",\"position\":3,\"name\":\"Transport samochodowy\"}]},{\"@type\":\"WebSite\",\"@id\":\"https:\/\/adv-transport.com\/#website\",\"url\":\"https:\/\/adv-transport.com\/\",\"name\":\"adv-transport.com\",\"description\":\"adv-transport.com\",\"publisher\":{\"@id\":\"https:\/\/adv-transport.com\/#organization\"},\"potentialAction\":[{\"@type\":\"SearchAction\",\"target\":{\"@type\":\"EntryPoint\",\"urlTemplate\":\"https:\/\/adv-transport.com\/?s={search_term_string}\"},\"query-input\":{\"@type\":\"PropertyValueSpecification\",\"valueRequired\":true,\"valueName\":\"search_term_string\"}}],\"inLanguage\":\"en-GB\"},{\"@type\":\"Organization\",\"@id\":\"https:\/\/adv-transport.com\/#organization\",\"name\":\"adv-transport.com\",\"url\":\"https:\/\/adv-transport.com\/\",\"logo\":{\"@type\":\"ImageObject\",\"inLanguage\":\"en-GB\",\"@id\":\"https:\/\/adv-transport.com\/#\/schema\/logo\/image\/\",\"url\":\"https:\/\/adv-transport.com\/wp-content\/uploads\/2024\/06\/cropped-customcolor_logo_transparent_background-e1652343928826-1024x228-1.png\",\"contentUrl\":\"https:\/\/adv-transport.com\/wp-content\/uploads\/2024\/06\/cropped-customcolor_logo_transparent_background-e1652343928826-1024x228-1.png\",\"width\":1024,\"height\":228,\"caption\":\"adv-transport.com\"},\"image\":{\"@id\":\"https:\/\/adv-transport.com\/#\/schema\/logo\/image\/\"}}]}<\/script>\n<!-- \/ Yoast SEO plugin. -->","yoast_head_json":{"title":"Profesjonalny transport samochodowy dla firm","description":"Szukasz firmy do transportu mi\u0119dzynarodowego? Morskiego? Lotniczego? Kolejowego? Samochodowego? Zapraszamy do szkorzystania z naszej oferty.","robots":{"index":"index","follow":"follow","max-snippet":"max-snippet:-1","max-image-preview":"max-image-preview:large","max-video-preview":"max-video-preview:-1"},"canonical":"https:\/\/adv-transport.com\/en\/uslugi\/transport-samochodowy\/","og_locale":"en_GB","og_type":"article","og_title":"Profesjonalny transport samochodowy dla firm","og_description":"Szukasz firmy do transportu mi\u0119dzynarodowego? Morskiego? Lotniczego? Kolejowego? Samochodowego? Zapraszamy do szkorzystania z naszej oferty.","og_url":"https:\/\/adv-transport.com\/en\/uslugi\/transport-samochodowy\/","og_site_name":"adv-transport.com","article_modified_time":"2024-11-27T12:49:26+00:00","twitter_card":"summary_large_image","twitter_misc":{"Estimated reading time":"2 minutes"},"schema":{"@context":"https:\/\/schema.org","@graph":[{"@type":"WebPage","@id":"https:\/\/adv-transport.com\/uslugi\/transport-samochodowy\/","url":"https:\/\/adv-transport.com\/uslugi\/transport-samochodowy\/","name":"Profesjonalny transport samochodowy dla firm","isPartOf":{"@id":"https:\/\/adv-transport.com\/#website"},"datePublished":"2024-06-10T13:36:37+00:00","dateModified":"2024-11-27T12:49:26+00:00","description":"Szukasz firmy do transportu mi\u0119dzynarodowego? Morskiego? Lotniczego? Kolejowego? Samochodowego? Zapraszamy do szkorzystania z naszej oferty.","breadcrumb":{"@id":"https:\/\/adv-transport.com\/uslugi\/transport-samochodowy\/#breadcrumb"},"inLanguage":"en-GB","potentialAction":[{"@type":"ReadAction","target":["https:\/\/adv-transport.com\/uslugi\/transport-samochodowy\/"]}]},{"@type":"BreadcrumbList","@id":"https:\/\/adv-transport.com\/uslugi\/transport-samochodowy\/#breadcrumb","itemListElement":[{"@type":"ListItem","position":1,"name":"Strona g\u0142\u00f3wna","item":"https:\/\/adv-transport.com\/"},{"@type":"ListItem","position":2,"name":"Us\u0142ugi","item":"https:\/\/adv-transport.com\/en\/uslugi\/"},{"@type":"ListItem","position":3,"name":"Transport samochodowy"}]},{"@type":"WebSite","@id":"https:\/\/adv-transport.com\/#website","url":"https:\/\/adv-transport.com\/","name":"adv-transport.com","description":"adv-transport.com","publisher":{"@id":"https:\/\/adv-transport.com\/#organization"},"potentialAction":[{"@type":"SearchAction","target":{"@type":"EntryPoint","urlTemplate":"https:\/\/adv-transport.com\/?s={search_term_string}"},"query-input":{"@type":"PropertyValueSpecification","valueRequired":true,"valueName":"search_term_string"}}],"inLanguage":"en-GB"},{"@type":"Organization","@id":"https:\/\/adv-transport.com\/#organization","name":"adv-transport.com","url":"https:\/\/adv-transport.com\/","logo":{"@type":"ImageObject","inLanguage":"en-GB","@id":"https:\/\/adv-transport.com\/#\/schema\/logo\/image\/","url":"https:\/\/adv-transport.com\/wp-content\/uploads\/2024\/06\/cropped-customcolor_logo_transparent_background-e1652343928826-1024x228-1.png","contentUrl":"https:\/\/adv-transport.com\/wp-content\/uploads\/2024\/06\/cropped-customcolor_logo_transparent_background-e1652343928826-1024x228-1.png","width":1024,"height":228,"caption":"adv-transport.com"},"image":{"@id":"https:\/\/adv-transport.com\/#\/schema\/logo\/image\/"}}]}},"uagb_featured_image_src":{"full":false,"thumbnail":false,"medium":false,"medium_large":false,"large":false,"1536x1536":false,"2048x2048":false,"trp-custom-language-flag":false},"uagb_author_info":{"display_name":"admin","author_link":"https:\/\/adv-transport.com\/en\/author\/admin\/"},"uagb_comment_info":0,"uagb_excerpt":"Us\u0142ugi transportowe Transport Samochodowy Transport samochodowy, organizujemy dostawy w transporcie drogowym specjalnie na \u017cyczenie klienta. Planujemy optymalne trasy w zale\u017cno\u015bci [&hellip;]","_links":{"self":[{"href":"https:\/\/adv-transport.com\/en\/wp-json\/wp\/v2\/pages\/393","targetHints":{"allow":["GET"]}}],"collection":[{"href":"https:\/\/adv-transport.com\/en\/wp-json\/wp\/v2\/pages"}],"about":[{"href":"https:\/\/adv-transport.com\/en\/wp-json\/wp\/v2\/types\/page"}],"author":[{"embeddable":true,"href":"https:\/\/adv-transport.com\/en\/wp-json\/wp\/v2\/users\/1"}],"replies":[{"embeddable":true,"href":"https:\/\/adv-transport.com\/en\/wp-json\/wp\/v2\/comments?post=393"}],"version-history":[{"count":0,"href":"https:\/\/adv-transport.com\/en\/wp-json\/wp\/v2\/pages\/393\/revisions"}],"up":[{"embeddable":true,"href":"https:\/\/adv-transport.com\/en\/wp-json\/wp\/v2\/pages\/319"}],"wp:attachment":[{"href":"https:\/\/adv-transport.com\/en\/wp-json\/wp\/v2\/media?parent=393"}],"curies":[{"name":"wp","href":"https:\/\/api.w.org\/{rel}","templated":true}]}}