{"id":321,"date":"2024-05-30T12:04:00","date_gmt":"2024-05-30T12:04:00","guid":{"rendered":"https:\/\/adv-transport2.eksperci.com.pl\/contact-2\/"},"modified":"2024-11-29T15:53:14","modified_gmt":"2024-11-29T15:53:14","slug":"kontakt","status":"publish","type":"page","link":"https:\/\/adv-transport.com\/en\/kontakt\/","title":{"rendered":"Contact"},"content":{"rendered":"<div class=\"wp-block-uagb-container uagb-block-48f09e77 alignfull uagb-is-root-container\"><div class=\"uagb-container-inner-blocks-wrap\">\n<div class=\"wp-block-uagb-advanced-heading uagb-block-a606d50e\"><p class=\"uagb-desc-text\">Contact<\/p><h1 class=\"uagb-heading-text\">Contact with us<\/h1><\/div>\n<\/div><\/div>\n\n\n\n<div class=\"wp-block-uagb-container uagb-block-06ace33c alignfull uagb-is-root-container\"><div class=\"uagb-container-inner-blocks-wrap\">\n<div class=\"wp-block-columns is-layout-flex wp-container-core-columns-is-layout-28f84493 wp-block-columns-is-layout-flex\">\n<div class=\"wp-block-column is-layout-flow wp-block-column-is-layout-flow\" style=\"flex-basis:100%\">\n<figure class=\"wp-block-image aligncenter size-full is-resized\"><img loading=\"lazy\" decoding=\"async\" width=\"1024\" height=\"228\" src=\"https:\/\/nowa.adv-transport.com\/wp-content\/uploads\/2024\/06\/cropped-customcolor_logo_transparent_background-e1652343928826-1024x228-1.png\" alt=\"\" class=\"wp-image-475\" style=\"width:788px;height:auto\" srcset=\"https:\/\/adv-transport.com\/wp-content\/uploads\/2024\/06\/cropped-customcolor_logo_transparent_background-e1652343928826-1024x228-1.png 1024w, https:\/\/adv-transport.com\/wp-content\/uploads\/2024\/06\/cropped-customcolor_logo_transparent_background-e1652343928826-1024x228-1-300x67.png 300w, https:\/\/adv-transport.com\/wp-content\/uploads\/2024\/06\/cropped-customcolor_logo_transparent_background-e1652343928826-1024x228-1-768x171.png 768w, https:\/\/adv-transport.com\/wp-content\/uploads\/2024\/06\/cropped-customcolor_logo_transparent_background-e1652343928826-1024x228-1-18x4.png 18w, https:\/\/adv-transport.com\/wp-content\/uploads\/2024\/06\/cropped-customcolor_logo_transparent_background-e1652343928826-1024x228-1-202x45.png 202w\" sizes=\"auto, (max-width: 1024px) 100vw, 1024px\" \/><\/figure>\n<\/div>\n<\/div>\n<\/div><\/div>\n\n\n\n<div class=\"wp-block-uagb-container uagb-block-44f05bf0 alignfull uagb-is-root-container\"><div class=\"uagb-container-inner-blocks-wrap\">\n<div class=\"wp-block-uagb-container uagb-block-1e0f0a1a\">\n<div class=\"wp-block-uagb-advanced-heading uagb-block-d5b7998d\"><h2 class=\"uagb-heading-text\">Contact details<\/h2><p class=\"uagb-desc-text\">We are available Monday through Friday from 9:00 a.m. to 5:00 p.m. We will be happy to answer any questions related to our transport services, customs agency, and warehousing services.<\/p><\/div>\n\n\n\n<div class=\"wp-block-uagb-container uagb-layout-grid uagb-block-a8ea0a47\">\n<div class=\"wp-block-uagb-advanced-heading uagb-block-4cbbc2d5\"><p class=\"uagb-heading-text\">Phone<\/p><p class=\"uagb-desc-text\">+48 506 025 022<\/p><\/div>\n\n\n\n<div class=\"wp-block-uagb-advanced-heading uagb-block-4ca982be\"><p class=\"uagb-heading-text\">E-mail<\/p><p class=\"uagb-desc-text\">info@adv-transport.com<\/p><\/div>\n<\/div>\n\n\n\n<div class=\"wp-block-uagb-advanced-heading uagb-block-b4b53e7b\"><p class=\"uagb-heading-text\">Address<\/p><p class=\"uagb-desc-text\">04-175 Warsaw, Ostrobramska Str. 75C\/5\/16\/2<\/p><div class=\"uagb-separator\"><\/div><\/div>\n\n\n\n<div class=\"wp-block-uagb-container uag-hide-desktop uag-hide-tab uag-hide-mob uagb-layout-grid uagb-block-ed60e4b1\">\n<div class=\"wp-block-uagb-advanced-heading uagb-block-424cbd98\"><p class=\"uagb-desc-text\">Znajd\u017a nas:<\/p><\/div>\n\n\n\n<div class=\"wp-block-uagb-icon-list uagb-block-27cb2f14\"><div class=\"uagb-icon-list__wrap\">\n<div class=\"wp-block-uagb-icon-list-child uagb-block-fd15eccd\"><a target=\"_self\" aria-label=\"List item\" rel=\"noopener noreferrer\" href=\"#\"> <\/a><span class=\"uagb-icon-list__source-wrap\"><svg xmlns=\"https:\/\/www.w3.org\/2000\/svg\" viewbox=\"0 0 512 512\"><path d=\"M504 256C504 119 393 8 256 8S8 119 8 256c0 123.8 90.69 226.4 209.3 245V327.7h-63V256h63v-54.64c0-62.15 37-96.48 93.67-96.48 27.14 0 55.52 4.84 55.52 4.84v61h-31.28c-30.8 0-40.41 19.12-40.41 38.73V256h68.78l-11 71.69h-57.78V501C413.3 482.4 504 379.8 504 256z\"><\/path><\/svg><\/span><\/div>\n\n\n\n<div class=\"wp-block-uagb-icon-list-child uagb-block-9fb35515\"><a target=\"_self\" aria-label=\"List item\" rel=\"noopener noreferrer\" href=\"#\"> <\/a><span class=\"uagb-icon-list__source-wrap\"><svg xmlns=\"https:\/\/www.w3.org\/2000\/svg\" viewbox=\"0 0 512 512\"><path d=\"M459.4 151.7c.325 4.548 .325 9.097 .325 13.65 0 138.7-105.6 298.6-298.6 298.6-59.45 0-114.7-17.22-161.1-47.11 8.447 .974 16.57 1.299 25.34 1.299 49.06 0 94.21-16.57 130.3-44.83-46.13-.975-84.79-31.19-98.11-72.77 6.498 .974 12.99 1.624 19.82 1.624 9.421 0 18.84-1.3 27.61-3.573-48.08-9.747-84.14-51.98-84.14-102.1v-1.299c13.97 7.797 30.21 12.67 47.43 13.32-28.26-18.84-46.78-51.01-46.78-87.39 0-19.49 5.197-37.36 14.29-52.95 51.65 63.67 129.3 105.3 216.4 109.8-1.624-7.797-2.599-15.92-2.599-24.04 0-57.83 46.78-104.9 104.9-104.9 30.21 0 57.5 12.67 76.67 33.14 23.72-4.548 46.46-13.32 66.6-25.34-7.798 24.37-24.37 44.83-46.13 57.83 21.12-2.273 41.58-8.122 60.43-16.24-14.29 20.79-32.16 39.31-52.63 54.25z\"><\/path><\/svg><\/span><\/div>\n\n\n\n<div class=\"wp-block-uagb-icon-list-child uagb-block-d1934bf2\"><a target=\"_self\" aria-label=\"List item\" rel=\"noopener noreferrer\" href=\"#\"> <\/a><span class=\"uagb-icon-list__source-wrap\"><svg xmlns=\"https:\/\/www.w3.org\/2000\/svg\" viewbox=\"0 0 448 512\"><path d=\"M224.1 141c-63.6 0-114.9 51.3-114.9 114.9s51.3 114.9 114.9 114.9S339 319.5 339 255.9 287.7 141 224.1 141zm0 189.6c-41.1 0-74.7-33.5-74.7-74.7s33.5-74.7 74.7-74.7 74.7 33.5 74.7 74.7-33.6 74.7-74.7 74.7zm146.4-194.3c0 14.9-12 26.8-26.8 26.8-14.9 0-26.8-12-26.8-26.8s12-26.8 26.8-26.8 26.8 12 26.8 26.8zm76.1 27.2c-1.7-35.9-9.9-67.7-36.2-93.9-26.2-26.2-58-34.4-93.9-36.2-37-2.1-147.9-2.1-184.9 0-35.8 1.7-67.6 9.9-93.9 36.1s-34.4 58-36.2 93.9c-2.1 37-2.1 147.9 0 184.9 1.7 35.9 9.9 67.7 36.2 93.9s58 34.4 93.9 36.2c37 2.1 147.9 2.1 184.9 0 35.9-1.7 67.7-9.9 93.9-36.2 26.2-26.2 34.4-58 36.2-93.9 2.1-37 2.1-147.8 0-184.8zM398.8 388c-7.8 19.6-22.9 34.7-42.6 42.6-29.5 11.7-99.5 9-132.1 9s-102.7 2.6-132.1-9c-19.6-7.8-34.7-22.9-42.6-42.6-11.7-29.5-9-99.5-9-132.1s-2.6-102.7 9-132.1c7.8-19.6 22.9-34.7 42.6-42.6 29.5-11.7 99.5-9 132.1-9s102.7-2.6 132.1 9c19.6 7.8 34.7 22.9 42.6 42.6 11.7 29.5 9 99.5 9 132.1s2.7 102.7-9 132.1z\"><\/path><\/svg><\/span><\/div>\n\n\n\n<div class=\"wp-block-uagb-icon-list-child uagb-block-c601cc54\"><a target=\"_self\" aria-label=\"List item\" rel=\"noopener noreferrer\" href=\"#\"> <\/a><span class=\"uagb-icon-list__source-wrap\"><svg xmlns=\"https:\/\/www.w3.org\/2000\/svg\" viewbox=\"0 0 576 512\"><path d=\"M549.7 124.1c-6.281-23.65-24.79-42.28-48.28-48.6C458.8 64 288 64 288 64S117.2 64 74.63 75.49c-23.5 6.322-42 24.95-48.28 48.6-11.41 42.87-11.41 132.3-11.41 132.3s0 89.44 11.41 132.3c6.281 23.65 24.79 41.5 48.28 47.82C117.2 448 288 448 288 448s170.8 0 213.4-11.49c23.5-6.321 42-24.17 48.28-47.82 11.41-42.87 11.41-132.3 11.41-132.3s0-89.44-11.41-132.3zm-317.5 213.5V175.2l142.7 81.21-142.7 81.2z\"><\/path><\/svg><\/span><\/div>\n\n\n\n<div class=\"wp-block-uagb-icon-list-child uagb-block-ddbda12f\"><a target=\"_self\" aria-label=\"List item\" rel=\"noopener noreferrer\" href=\"#\"> <\/a><span class=\"uagb-icon-list__source-wrap\"><svg xmlns=\"https:\/\/www.w3.org\/2000\/svg\" viewbox=\"0 0 448 512\"><path d=\"M416 32H31.9C14.3 32 0 46.5 0 64.3v383.4C0 465.5 14.3 480 31.9 480H416c17.6 0 32-14.5 32-32.3V64.3c0-17.8-14.4-32.3-32-32.3zM135.4 416H69V202.2h66.5V416zm-33.2-243c-21.3 0-38.5-17.3-38.5-38.5S80.9 96 102.2 96c21.2 0 38.5 17.3 38.5 38.5 0 21.3-17.2 38.5-38.5 38.5zm282.1 243h-66.4V312c0-24.8-.5-56.7-34.5-56.7-34.6 0-39.9 27-39.9 54.9V416h-66.4V202.2h63.7v29.2h.9c8.9-16.8 30.6-34.5 62.9-34.5 67.2 0 79.7 44.3 79.7 101.9V416z\"><\/path><\/svg><\/span><\/div>\n<\/div><\/div>\n<\/div>\n<\/div>\n\n\n\n<div class=\"wp-block-uagb-forms uagb-forms__outer-wrap uagb-block-a59eddb8 uagb-forms__medium-btn\"><form class=\"uagb-forms-main-form\" method=\"post\" autocomplete=\"on\" name=\"uagb-form-a59eddb8\" action=\"\">\n<div class=\"wp-block-uagb-forms-name uagb-forms-name-wrap uagb-forms-field-set uagb-block-4e46e857\"><div class=\"uagb-forms-name-label required uagb-forms-input-label\" id=\"4e46e857\">First Name<\/div><input type=\"text\" placeholder=\"Name\" required class=\"uagb-forms-name-input uagb-forms-input\" name=\"4e46e857\" autocomplete=\"given-name\"\/><\/div>\n\n\n\n<div class=\"wp-block-uagb-forms-email uagb-forms-email-wrap uagb-forms-field-set uagb-block-f24e2ea5\"><div class=\"uagb-forms-email-label  uagb-forms-input-label\" id=\"f24e2ea5\">Email<\/div><input type=\"email\" class=\"uagb-forms-email-input uagb-forms-input\" placeholder=\"E-mail\" name=\"f24e2ea5\" autocomplete=\"email\"\/><\/div>\n\n\n\n<div class=\"wp-block-uagb-forms-textarea uagb-forms-textarea-wrap uagb-forms-field-set uagb-block-4730f93a\"><div class=\"uagb-forms-textarea-label required uagb-forms-input-label\" id=\"4730f93a\">Message<\/div><textarea required class=\"uagb-forms-textarea-input uagb-forms-input\" rows=\"7\" placeholder=\"Message\" name=\"4730f93a\" autocomplete=\"off\"><\/textarea><\/div>\n<div class=\"uagb-forms-form-hidden-data\"><input type=\"hidden\" class=\"uagb_forms_form_label\" value=\"Spectra Form\"\/><input type=\"hidden\" class=\"uagb_forms_form_id\" value=\"uagb-form-a59eddb8\"\/><\/div><div class=\"uagb-form-reacaptcha-error-a59eddb8\"><\/div><div class=\"uagb-forms-main-submit-button-wrap wp-block-button\"><button class=\"uagb-forms-main-submit-button wp-block-button__link\"><div class=\"uagb-forms-main-submit-button-text\">SEND<\/div><\/button><\/div><input type=\"hidden\" name=\"trp-form-language\" value=\"en\"\/><\/form><div class=\"uagb-forms-success-message-a59eddb8 uagb-forms-submit-message-hide\"><span>The form has been submitted successfully!<\/span><\/div><div class=\"uagb-forms-failed-message-a59eddb8 uagb-forms-submit-message-hide\"><span>There has been some error while submitting the form. Please verify all form fields again.<\/span><\/div><\/div>\n<\/div><\/div>\n\n\n\n<div class=\"wp-block-uagb-container uagb-block-9c27b936 alignfull uagb-is-root-container\"><div class=\"uagb-container-inner-blocks-wrap\">\n<div class=\"wp-block-uagb-info-box uagb-block-51fe0c8f uagb-infobox__content-wrap  uagb-infobox-icon-above-title uagb-infobox-image-valign-top\"><div class=\"uagb-ifb-content\"><div class=\"uagb-ifb-title-wrap\"><h2 class=\"uagb-ifb-title\">Use Our Services Today<\/h2><\/div><p class=\"uagb-ifb-desc\">Contact us to discuss the details and start using our professional transport services.<\/p><div class=\"uagb-ifb-button-wrapper wp-block-button\"><a href=\"\/en\/kontakt\/\" class=\"uagb-infobox-cta-link wp-block-button__link\" target=\"_self\" rel=\"noopener noreferrer\" onclick=\"return true;\"><span class=\"uagb-inline-editing\">CHECK NOW<\/span><\/a><\/div><\/div><\/div>\n<\/div><\/div>","protected":false},"excerpt":{"rendered":"<p>Kontakt Skontaktuj si\u0119 z nami Dane kontaktowe Jeste\u015bmy dost\u0119pni dla Ciebie od poniedzia\u0142ku do pi\u0105tku w godzinach 9:00-17:00. Ch\u0119tnie odpowiemy [&hellip;]<\/p>","protected":false},"author":1,"featured_media":0,"parent":0,"menu_order":0,"comment_status":"closed","ping_status":"closed","template":"","meta":{"_uag_custom_page_level_css":"","site-sidebar-layout":"default","site-content-layout":"","ast-site-content-layout":"","site-content-style":"default","site-sidebar-style":"default","ast-global-header-display":"","ast-banner-title-visibility":"","ast-main-header-display":"","ast-hfb-above-header-display":"","ast-hfb-below-header-display":"","ast-hfb-mobile-header-display":"","site-post-title":"disabled","ast-breadcrumbs-content":"","ast-featured-img":"","footer-sml-layout":"","theme-transparent-header-meta":"","adv-header-id-meta":"","stick-header-meta":"","header-above-stick-meta":"","header-main-stick-meta":"","header-below-stick-meta":"","astra-migrate-meta-layouts":"default","ast-page-background-enabled":"default","ast-page-background-meta":{"desktop":{"background-color":"var(--ast-global-color-4)","background-image":"","background-repeat":"repeat","background-position":"center center","background-size":"auto","background-attachment":"scroll","background-type":"","background-media":"","overlay-type":"","overlay-color":"","overlay-opacity":"","overlay-gradient":""},"tablet":{"background-color":"","background-image":"","background-repeat":"repeat","background-position":"center center","background-size":"auto","background-attachment":"scroll","background-type":"","background-media":"","overlay-type":"","overlay-color":"","overlay-opacity":"","overlay-gradient":""},"mobile":{"background-color":"","background-image":"","background-repeat":"repeat","background-position":"center center","background-size":"auto","background-attachment":"scroll","background-type":"","background-media":"","overlay-type":"","overlay-color":"","overlay-opacity":"","overlay-gradient":""}},"ast-content-background-meta":{"desktop":{"background-color":"var(--ast-global-color-5)","background-image":"","background-repeat":"repeat","background-position":"center center","background-size":"auto","background-attachment":"scroll","background-type":"","background-media":"","overlay-type":"","overlay-color":"","overlay-opacity":"","overlay-gradient":""},"tablet":{"background-color":"var(--ast-global-color-5)","background-image":"","background-repeat":"repeat","background-position":"center center","background-size":"auto","background-attachment":"scroll","background-type":"","background-media":"","overlay-type":"","overlay-color":"","overlay-opacity":"","overlay-gradient":""},"mobile":{"background-color":"var(--ast-global-color-5)","background-image":"","background-repeat":"repeat","background-position":"center center","background-size":"auto","background-attachment":"scroll","background-type":"","background-media":"","overlay-type":"","overlay-color":"","overlay-opacity":"","overlay-gradient":""}},"footnotes":""},"class_list":["post-321","page","type-page","status-publish","hentry"],"yoast_head":"<!-- This site is optimized with the Yoast SEO plugin v25.5 - https:\/\/yoast.com\/wordpress\/plugins\/seo\/ -->\n<title>Kontakt - adv-transport.com<\/title>\n<meta name=\"robots\" content=\"index, follow, max-snippet:-1, max-image-preview:large, max-video-preview:-1\" \/>\n<link rel=\"canonical\" href=\"https:\/\/adv-transport.com\/en\/kontakt\/\" \/>\n<meta property=\"og:locale\" content=\"en_GB\" \/>\n<meta property=\"og:type\" content=\"article\" \/>\n<meta property=\"og:title\" content=\"Kontakt - adv-transport.com\" \/>\n<meta property=\"og:description\" content=\"Kontakt Skontaktuj si\u0119 z nami Dane kontaktowe Jeste\u015bmy dost\u0119pni dla Ciebie od poniedzia\u0142ku do pi\u0105tku w godzinach 9:00-17:00. Ch\u0119tnie odpowiemy [&hellip;]\" \/>\n<meta property=\"og:url\" content=\"https:\/\/adv-transport.com\/en\/kontakt\/\" \/>\n<meta property=\"og:site_name\" content=\"adv-transport.com\" \/>\n<meta property=\"article:modified_time\" content=\"2024-11-29T15:53:14+00:00\" \/>\n<meta property=\"og:image\" content=\"https:\/\/adv-transport.com\/wp-content\/uploads\/2024\/06\/cropped-customcolor_logo_transparent_background-e1652343928826-1024x228-1.png\" \/>\n\t<meta property=\"og:image:width\" content=\"1024\" \/>\n\t<meta property=\"og:image:height\" content=\"228\" \/>\n\t<meta property=\"og:image:type\" content=\"image\/png\" \/>\n<meta name=\"twitter:card\" content=\"summary_large_image\" \/>\n<meta name=\"twitter:label1\" content=\"Estimated reading time\" \/>\n\t<meta name=\"twitter:data1\" content=\"2 minutes\" \/>\n<script type=\"application\/ld+json\" class=\"yoast-schema-graph\">{\"@context\":\"https:\/\/schema.org\",\"@graph\":[{\"@type\":\"WebPage\",\"@id\":\"https:\/\/adv-transport.com\/kontakt\/\",\"url\":\"https:\/\/adv-transport.com\/kontakt\/\",\"name\":\"Kontakt - adv-transport.com\",\"isPartOf\":{\"@id\":\"https:\/\/adv-transport.com\/#website\"},\"primaryImageOfPage\":{\"@id\":\"https:\/\/adv-transport.com\/kontakt\/#primaryimage\"},\"image\":{\"@id\":\"https:\/\/adv-transport.com\/kontakt\/#primaryimage\"},\"thumbnailUrl\":\"https:\/\/nowa.adv-transport.com\/wp-content\/uploads\/2024\/06\/cropped-customcolor_logo_transparent_background-e1652343928826-1024x228-1.png\",\"datePublished\":\"2024-05-30T12:04:00+00:00\",\"dateModified\":\"2024-11-29T15:53:14+00:00\",\"breadcrumb\":{\"@id\":\"https:\/\/adv-transport.com\/kontakt\/#breadcrumb\"},\"inLanguage\":\"en-GB\",\"potentialAction\":[{\"@type\":\"ReadAction\",\"target\":[\"https:\/\/adv-transport.com\/kontakt\/\"]}]},{\"@type\":\"ImageObject\",\"inLanguage\":\"en-GB\",\"@id\":\"https:\/\/adv-transport.com\/kontakt\/#primaryimage\",\"url\":\"https:\/\/nowa.adv-transport.com\/wp-content\/uploads\/2024\/06\/cropped-customcolor_logo_transparent_background-e1652343928826-1024x228-1.png\",\"contentUrl\":\"https:\/\/nowa.adv-transport.com\/wp-content\/uploads\/2024\/06\/cropped-customcolor_logo_transparent_background-e1652343928826-1024x228-1.png\"},{\"@type\":\"BreadcrumbList\",\"@id\":\"https:\/\/adv-transport.com\/kontakt\/#breadcrumb\",\"itemListElement\":[{\"@type\":\"ListItem\",\"position\":1,\"name\":\"Strona g\u0142\u00f3wna\",\"item\":\"https:\/\/adv-transport.com\/\"},{\"@type\":\"ListItem\",\"position\":2,\"name\":\"Kontakt\"}]},{\"@type\":\"WebSite\",\"@id\":\"https:\/\/adv-transport.com\/#website\",\"url\":\"https:\/\/adv-transport.com\/\",\"name\":\"adv-transport.com\",\"description\":\"adv-transport.com\",\"publisher\":{\"@id\":\"https:\/\/adv-transport.com\/#organization\"},\"potentialAction\":[{\"@type\":\"SearchAction\",\"target\":{\"@type\":\"EntryPoint\",\"urlTemplate\":\"https:\/\/adv-transport.com\/?s={search_term_string}\"},\"query-input\":{\"@type\":\"PropertyValueSpecification\",\"valueRequired\":true,\"valueName\":\"search_term_string\"}}],\"inLanguage\":\"en-GB\"},{\"@type\":\"Organization\",\"@id\":\"https:\/\/adv-transport.com\/#organization\",\"name\":\"adv-transport.com\",\"url\":\"https:\/\/adv-transport.com\/\",\"logo\":{\"@type\":\"ImageObject\",\"inLanguage\":\"en-GB\",\"@id\":\"https:\/\/adv-transport.com\/#\/schema\/logo\/image\/\",\"url\":\"https:\/\/adv-transport.com\/wp-content\/uploads\/2024\/06\/cropped-customcolor_logo_transparent_background-e1652343928826-1024x228-1.png\",\"contentUrl\":\"https:\/\/adv-transport.com\/wp-content\/uploads\/2024\/06\/cropped-customcolor_logo_transparent_background-e1652343928826-1024x228-1.png\",\"width\":1024,\"height\":228,\"caption\":\"adv-transport.com\"},\"image\":{\"@id\":\"https:\/\/adv-transport.com\/#\/schema\/logo\/image\/\"}}]}<\/script>\n<!-- \/ Yoast SEO plugin. -->","yoast_head_json":{"title":"Kontakt - adv-transport.com","robots":{"index":"index","follow":"follow","max-snippet":"max-snippet:-1","max-image-preview":"max-image-preview:large","max-video-preview":"max-video-preview:-1"},"canonical":"https:\/\/adv-transport.com\/en\/kontakt\/","og_locale":"en_GB","og_type":"article","og_title":"Kontakt - adv-transport.com","og_description":"Kontakt Skontaktuj si\u0119 z nami Dane kontaktowe Jeste\u015bmy dost\u0119pni dla Ciebie od poniedzia\u0142ku do pi\u0105tku w godzinach 9:00-17:00. Ch\u0119tnie odpowiemy [&hellip;]","og_url":"https:\/\/adv-transport.com\/en\/kontakt\/","og_site_name":"adv-transport.com","article_modified_time":"2024-11-29T15:53:14+00:00","og_image":[{"width":1024,"height":228,"url":"https:\/\/adv-transport.com\/wp-content\/uploads\/2024\/06\/cropped-customcolor_logo_transparent_background-e1652343928826-1024x228-1.png","type":"image\/png"}],"twitter_card":"summary_large_image","twitter_misc":{"Estimated reading time":"2 minutes"},"schema":{"@context":"https:\/\/schema.org","@graph":[{"@type":"WebPage","@id":"https:\/\/adv-transport.com\/kontakt\/","url":"https:\/\/adv-transport.com\/kontakt\/","name":"Kontakt - adv-transport.com","isPartOf":{"@id":"https:\/\/adv-transport.com\/#website"},"primaryImageOfPage":{"@id":"https:\/\/adv-transport.com\/kontakt\/#primaryimage"},"image":{"@id":"https:\/\/adv-transport.com\/kontakt\/#primaryimage"},"thumbnailUrl":"https:\/\/nowa.adv-transport.com\/wp-content\/uploads\/2024\/06\/cropped-customcolor_logo_transparent_background-e1652343928826-1024x228-1.png","datePublished":"2024-05-30T12:04:00+00:00","dateModified":"2024-11-29T15:53:14+00:00","breadcrumb":{"@id":"https:\/\/adv-transport.com\/kontakt\/#breadcrumb"},"inLanguage":"en-GB","potentialAction":[{"@type":"ReadAction","target":["https:\/\/adv-transport.com\/kontakt\/"]}]},{"@type":"ImageObject","inLanguage":"en-GB","@id":"https:\/\/adv-transport.com\/kontakt\/#primaryimage","url":"https:\/\/nowa.adv-transport.com\/wp-content\/uploads\/2024\/06\/cropped-customcolor_logo_transparent_background-e1652343928826-1024x228-1.png","contentUrl":"https:\/\/nowa.adv-transport.com\/wp-content\/uploads\/2024\/06\/cropped-customcolor_logo_transparent_background-e1652343928826-1024x228-1.png"},{"@type":"BreadcrumbList","@id":"https:\/\/adv-transport.com\/kontakt\/#breadcrumb","itemListElement":[{"@type":"ListItem","position":1,"name":"Strona g\u0142\u00f3wna","item":"https:\/\/adv-transport.com\/"},{"@type":"ListItem","position":2,"name":"Kontakt"}]},{"@type":"WebSite","@id":"https:\/\/adv-transport.com\/#website","url":"https:\/\/adv-transport.com\/","name":"adv-transport.com","description":"adv-transport.com","publisher":{"@id":"https:\/\/adv-transport.com\/#organization"},"potentialAction":[{"@type":"SearchAction","target":{"@type":"EntryPoint","urlTemplate":"https:\/\/adv-transport.com\/?s={search_term_string}"},"query-input":{"@type":"PropertyValueSpecification","valueRequired":true,"valueName":"search_term_string"}}],"inLanguage":"en-GB"},{"@type":"Organization","@id":"https:\/\/adv-transport.com\/#organization","name":"adv-transport.com","url":"https:\/\/adv-transport.com\/","logo":{"@type":"ImageObject","inLanguage":"en-GB","@id":"https:\/\/adv-transport.com\/#\/schema\/logo\/image\/","url":"https:\/\/adv-transport.com\/wp-content\/uploads\/2024\/06\/cropped-customcolor_logo_transparent_background-e1652343928826-1024x228-1.png","contentUrl":"https:\/\/adv-transport.com\/wp-content\/uploads\/2024\/06\/cropped-customcolor_logo_transparent_background-e1652343928826-1024x228-1.png","width":1024,"height":228,"caption":"adv-transport.com"},"image":{"@id":"https:\/\/adv-transport.com\/#\/schema\/logo\/image\/"}}]}},"uagb_featured_image_src":{"full":false,"thumbnail":false,"medium":false,"medium_large":false,"large":false,"1536x1536":false,"2048x2048":false,"trp-custom-language-flag":false},"uagb_author_info":{"display_name":"admin","author_link":"https:\/\/adv-transport.com\/en\/author\/admin\/"},"uagb_comment_info":0,"uagb_excerpt":"Kontakt Skontaktuj si\u0119 z nami Dane kontaktowe Jeste\u015bmy dost\u0119pni dla Ciebie od poniedzia\u0142ku do pi\u0105tku w godzinach 9:00-17:00. Ch\u0119tnie odpowiemy [&hellip;]","_links":{"self":[{"href":"https:\/\/adv-transport.com\/en\/wp-json\/wp\/v2\/pages\/321","targetHints":{"allow":["GET"]}}],"collection":[{"href":"https:\/\/adv-transport.com\/en\/wp-json\/wp\/v2\/pages"}],"about":[{"href":"https:\/\/adv-transport.com\/en\/wp-json\/wp\/v2\/types\/page"}],"author":[{"embeddable":true,"href":"https:\/\/adv-transport.com\/en\/wp-json\/wp\/v2\/users\/1"}],"replies":[{"embeddable":true,"href":"https:\/\/adv-transport.com\/en\/wp-json\/wp\/v2\/comments?post=321"}],"version-history":[{"count":0,"href":"https:\/\/adv-transport.com\/en\/wp-json\/wp\/v2\/pages\/321\/revisions"}],"wp:attachment":[{"href":"https:\/\/adv-transport.com\/en\/wp-json\/wp\/v2\/media?parent=321"}],"curies":[{"name":"wp","href":"https:\/\/api.w.org\/{rel}","templated":true}]}}