{"id":318,"date":"2024-05-30T12:04:00","date_gmt":"2024-05-30T12:04:00","guid":{"rendered":"https:\/\/adv-transport2.eksperci.com.pl\/about-2\/"},"modified":"2024-07-23T13:41:50","modified_gmt":"2024-07-23T13:41:50","slug":"onas","status":"publish","type":"page","link":"https:\/\/adv-transport.com\/en\/onas\/","title":{"rendered":"About"},"content":{"rendered":"<div class=\"wp-block-uagb-container uagb-block-48f09e77 alignfull uagb-is-root-container\"><div class=\"uagb-container-inner-blocks-wrap\">\n<div class=\"wp-block-uagb-advanced-heading uagb-block-a606d50e\"><p class=\"uagb-desc-text\">About us<\/p><h1 class=\"uagb-heading-text\">Find out more about ADV <\/h1><\/div>\n<\/div><\/div>\n\n\n\n<div class=\"wp-block-uagb-container uagb-block-3ec541a0 alignfull uagb-is-root-container\">\n<div class=\"wp-block-uagb-container uagb-block-ecbd7e76\">\n<div class=\"wp-block-uagb-info-box uagb-block-15ed7467 uagb-infobox__content-wrap  uagb-infobox-icon-above-title uagb-infobox-image-valign-top\"><div class=\"uagb-ifb-content\"><div class=\"uagb-ifb-title-wrap\"><p class=\"uagb-ifb-title-prefix\">OUR COMPANY<\/p><h2 class=\"uagb-ifb-title\">About our transport activities<\/h2><\/div><p class=\"uagb-ifb-desc\">ADV organizes various forms of transport, including sea, air, rail, road transport, customs agency and warehousing services. Our 20 years of experience guarantee optimal solutions tailored to individual customer needs. We ensure safety, constant monitoring of deliveries and proven solutions.<br><br>ADV exceptional performance in providing the best transportation services to customers.<br><br><a href=\"\/en\/oferta\/\">Poznaj nasz\u0105 ofert\u0119 ><\/a><\/p><\/div><\/div>\n<\/div>\n<\/div>\n\n\n\n<div class=\"wp-block-uagb-container uag-hide-desktop uag-hide-tab uag-hide-mob uagb-layout-grid uagb-block-cccfb855 alignfull uagb-is-root-container\"><div class=\"uagb-container-inner-blocks-wrap\">\n<div class=\"wp-block-uagb-image uagb-block-44e7a3be wp-block-uagb-image--layout-default wp-block-uagb-image--effect-static wp-block-uagb-image--align-none\"><figure class=\"wp-block-uagb-image__figure\"><img decoding=\"async\" srcset=\"https:\/\/multipurpose19.ziptemplates.top\/wp-content\/uploads\/2024\/05\/our-story.jpg ,https:\/\/multipurpose19.ziptemplates.top\/wp-content\/uploads\/2024\/05\/our-story.jpg 780w, https:\/\/multipurpose19.ziptemplates.top\/wp-content\/uploads\/2024\/05\/our-story.jpg 360w\" sizes=\"auto, (max-width: 480px) 150px\" src=\"https:\/\/multipurpose19.ziptemplates.top\/wp-content\/uploads\/2024\/05\/our-story.jpg\" alt=\"\" class=\"uag-image-39\" width=\"600\" height=\"550\" title=\"our-story\" loading=\"lazy\" role=\"img\"\/><\/figure><\/div>\n\n\n\n<div class=\"wp-block-uagb-info-box uagb-block-1f24e138 uagb-infobox__content-wrap  uagb-infobox-icon-above-title uagb-infobox-image-valign-top\"><div class=\"uagb-ifb-content\"><div class=\"uagb-ifb-title-wrap\"><p class=\"uagb-ifb-title-prefix\">Historia naszej<\/p><h2 class=\"uagb-ifb-title\">Historia firmy ADV Transport<\/h2><\/div><p class=\"uagb-ifb-desc\">ADV Transport zosta\u0142 za\u0142o\u017cony ponad 20 lat temu i od tego czasu zapewnia niezawodne us\u0142ugi transportowe na najwy\u017cszym poziomie. Nasza firma stale si\u0119 rozwija i doskonali, aby spe\u0142nia\u0107 wymagania i oczekiwania klient\u00f3w.<br><br>Ponad dwie dekady do\u015bwiadczenia i zaufanie klient\u00f3w to filary naszego sukcesu.<\/p><\/div><\/div>\n<\/div><\/div>\n\n\n\n<div class=\"wp-block-uagb-container uagb-layout-grid uagb-block-d8faffdc alignfull uagb-is-root-container\"><div class=\"uagb-container-inner-blocks-wrap\">\n<div class=\"wp-block-uagb-advanced-heading uagb-block-a232c1da\"><p class=\"uagb-desc-text\">OUR MISSIONS<\/p><h2 class=\"uagb-heading-text\">Our Values \u200b\u200band Goals<\/h2><\/div>\n\n\n\n<div class=\"wp-block-uagb-container uagb-block-b3bbed70\">\n<div class=\"wp-block-uagb-advanced-heading uagb-block-80068c07\"><h3 class=\"uagb-heading-text\">Our mission<\/h3><p class=\"uagb-desc-text\">Our mission is to provide customers with comprehensive, safe and effective transport solutions, tailored to their individual needs.<\/p><div class=\"uagb-separator\"><\/div><\/div>\n\n\n\n<div class=\"wp-block-uagb-advanced-heading uagb-block-dd3a82a5\"><h3 class=\"uagb-heading-text\">Our values<\/h3><p class=\"uagb-desc-text\">We guarantee security, constant monitoring of deliveries and proven solutions.<\/p><\/div>\n<\/div>\n<\/div><\/div>\n\n\n\n<div class=\"wp-block-uagb-container uagb-block-9c27b936 alignfull uagb-is-root-container\"><div class=\"uagb-container-inner-blocks-wrap\">\n<div class=\"wp-block-uagb-info-box uagb-block-51fe0c8f uagb-infobox__content-wrap  uagb-infobox-icon-above-title uagb-infobox-image-valign-top\"><div class=\"uagb-ifb-content\"><div class=\"uagb-ifb-title-wrap\"><h2 class=\"uagb-ifb-title\">Use Our Services Today<\/h2><\/div><p class=\"uagb-ifb-desc\">Contact us to discuss the details and start using our professional transport services.<\/p><div class=\"uagb-ifb-button-wrapper wp-block-button\"><a href=\"\/en\/kontakt\/\" class=\"uagb-infobox-cta-link wp-block-button__link\" target=\"_self\" rel=\"noopener noreferrer\" onclick=\"return true;\"><span class=\"uagb-inline-editing\">CHECK NOW<\/span><\/a><\/div><\/div><\/div>\n<\/div><\/div>","protected":false},"excerpt":{"rendered":"<p>O nas Dowiedz si\u0119 wi\u0119cej o ADV Nasze Misje Nasze Warto\u015bci i Cele Nasza misja Nasz\u0105 misj\u0105 jest zapewnienie klientom [&hellip;]<\/p>","protected":false},"author":1,"featured_media":0,"parent":0,"menu_order":0,"comment_status":"closed","ping_status":"closed","template":"","meta":{"_uag_custom_page_level_css":"","site-sidebar-layout":"default","site-content-layout":"","ast-site-content-layout":"","site-content-style":"default","site-sidebar-style":"default","ast-global-header-display":"","ast-banner-title-visibility":"","ast-main-header-display":"","ast-hfb-above-header-display":"","ast-hfb-below-header-display":"","ast-hfb-mobile-header-display":"","site-post-title":"disabled","ast-breadcrumbs-content":"","ast-featured-img":"","footer-sml-layout":"","theme-transparent-header-meta":"","adv-header-id-meta":"","stick-header-meta":"","header-above-stick-meta":"","header-main-stick-meta":"","header-below-stick-meta":"","astra-migrate-meta-layouts":"default","ast-page-background-enabled":"default","ast-page-background-meta":{"desktop":{"background-color":"var(--ast-global-color-4)","background-image":"","background-repeat":"repeat","background-position":"center center","background-size":"auto","background-attachment":"scroll","background-type":"","background-media":"","overlay-type":"","overlay-color":"","overlay-opacity":"","overlay-gradient":""},"tablet":{"background-color":"","background-image":"","background-repeat":"repeat","background-position":"center center","background-size":"auto","background-attachment":"scroll","background-type":"","background-media":"","overlay-type":"","overlay-color":"","overlay-opacity":"","overlay-gradient":""},"mobile":{"background-color":"","background-image":"","background-repeat":"repeat","background-position":"center center","background-size":"auto","background-attachment":"scroll","background-type":"","background-media":"","overlay-type":"","overlay-color":"","overlay-opacity":"","overlay-gradient":""}},"ast-content-background-meta":{"desktop":{"background-color":"var(--ast-global-color-5)","background-image":"","background-repeat":"repeat","background-position":"center center","background-size":"auto","background-attachment":"scroll","background-type":"","background-media":"","overlay-type":"","overlay-color":"","overlay-opacity":"","overlay-gradient":""},"tablet":{"background-color":"var(--ast-global-color-5)","background-image":"","background-repeat":"repeat","background-position":"center center","background-size":"auto","background-attachment":"scroll","background-type":"","background-media":"","overlay-type":"","overlay-color":"","overlay-opacity":"","overlay-gradient":""},"mobile":{"background-color":"var(--ast-global-color-5)","background-image":"","background-repeat":"repeat","background-position":"center center","background-size":"auto","background-attachment":"scroll","background-type":"","background-media":"","overlay-type":"","overlay-color":"","overlay-opacity":"","overlay-gradient":""}},"footnotes":""},"class_list":["post-318","page","type-page","status-publish","hentry"],"yoast_head":"<!-- This site is optimized with the Yoast SEO plugin v25.5 - https:\/\/yoast.com\/wordpress\/plugins\/seo\/ -->\n<title>About - adv-transport.com<\/title>\n<meta name=\"robots\" content=\"index, follow, max-snippet:-1, max-image-preview:large, max-video-preview:-1\" \/>\n<link rel=\"canonical\" href=\"https:\/\/adv-transport.com\/en\/onas\/\" \/>\n<meta property=\"og:locale\" content=\"en_GB\" \/>\n<meta property=\"og:type\" content=\"article\" \/>\n<meta property=\"og:title\" content=\"About - adv-transport.com\" \/>\n<meta property=\"og:description\" content=\"O nas Dowiedz si\u0119 wi\u0119cej o ADV Nasze Misje Nasze Warto\u015bci i Cele Nasza misja Nasz\u0105 misj\u0105 jest zapewnienie klientom [&hellip;]\" \/>\n<meta property=\"og:url\" content=\"https:\/\/adv-transport.com\/en\/onas\/\" \/>\n<meta property=\"og:site_name\" content=\"adv-transport.com\" \/>\n<meta property=\"article:modified_time\" content=\"2024-07-23T13:41:50+00:00\" \/>\n<meta property=\"og:image\" content=\"https:\/\/multipurpose19.ziptemplates.top\/wp-content\/uploads\/2024\/05\/our-story.jpg\" \/>\n<meta name=\"twitter:card\" content=\"summary_large_image\" \/>\n<meta name=\"twitter:label1\" content=\"Estimated reading time\" \/>\n\t<meta name=\"twitter:data1\" content=\"2 minutes\" \/>\n<script type=\"application\/ld+json\" class=\"yoast-schema-graph\">{\"@context\":\"https:\/\/schema.org\",\"@graph\":[{\"@type\":\"WebPage\",\"@id\":\"https:\/\/adv-transport.com\/onas\/\",\"url\":\"https:\/\/adv-transport.com\/onas\/\",\"name\":\"About - adv-transport.com\",\"isPartOf\":{\"@id\":\"https:\/\/adv-transport.com\/#website\"},\"primaryImageOfPage\":{\"@id\":\"https:\/\/adv-transport.com\/onas\/#primaryimage\"},\"image\":{\"@id\":\"https:\/\/adv-transport.com\/onas\/#primaryimage\"},\"thumbnailUrl\":\"https:\/\/multipurpose19.ziptemplates.top\/wp-content\/uploads\/2024\/05\/our-story.jpg\",\"datePublished\":\"2024-05-30T12:04:00+00:00\",\"dateModified\":\"2024-07-23T13:41:50+00:00\",\"breadcrumb\":{\"@id\":\"https:\/\/adv-transport.com\/onas\/#breadcrumb\"},\"inLanguage\":\"en-GB\",\"potentialAction\":[{\"@type\":\"ReadAction\",\"target\":[\"https:\/\/adv-transport.com\/onas\/\"]}]},{\"@type\":\"ImageObject\",\"inLanguage\":\"en-GB\",\"@id\":\"https:\/\/adv-transport.com\/onas\/#primaryimage\",\"url\":\"https:\/\/multipurpose19.ziptemplates.top\/wp-content\/uploads\/2024\/05\/our-story.jpg\",\"contentUrl\":\"https:\/\/multipurpose19.ziptemplates.top\/wp-content\/uploads\/2024\/05\/our-story.jpg\"},{\"@type\":\"BreadcrumbList\",\"@id\":\"https:\/\/adv-transport.com\/onas\/#breadcrumb\",\"itemListElement\":[{\"@type\":\"ListItem\",\"position\":1,\"name\":\"Strona g\u0142\u00f3wna\",\"item\":\"https:\/\/adv-transport.com\/\"},{\"@type\":\"ListItem\",\"position\":2,\"name\":\"About\"}]},{\"@type\":\"WebSite\",\"@id\":\"https:\/\/adv-transport.com\/#website\",\"url\":\"https:\/\/adv-transport.com\/\",\"name\":\"adv-transport.com\",\"description\":\"adv-transport.com\",\"publisher\":{\"@id\":\"https:\/\/adv-transport.com\/#organization\"},\"potentialAction\":[{\"@type\":\"SearchAction\",\"target\":{\"@type\":\"EntryPoint\",\"urlTemplate\":\"https:\/\/adv-transport.com\/?s={search_term_string}\"},\"query-input\":{\"@type\":\"PropertyValueSpecification\",\"valueRequired\":true,\"valueName\":\"search_term_string\"}}],\"inLanguage\":\"en-GB\"},{\"@type\":\"Organization\",\"@id\":\"https:\/\/adv-transport.com\/#organization\",\"name\":\"adv-transport.com\",\"url\":\"https:\/\/adv-transport.com\/\",\"logo\":{\"@type\":\"ImageObject\",\"inLanguage\":\"en-GB\",\"@id\":\"https:\/\/adv-transport.com\/#\/schema\/logo\/image\/\",\"url\":\"https:\/\/adv-transport.com\/wp-content\/uploads\/2024\/06\/cropped-customcolor_logo_transparent_background-e1652343928826-1024x228-1.png\",\"contentUrl\":\"https:\/\/adv-transport.com\/wp-content\/uploads\/2024\/06\/cropped-customcolor_logo_transparent_background-e1652343928826-1024x228-1.png\",\"width\":1024,\"height\":228,\"caption\":\"adv-transport.com\"},\"image\":{\"@id\":\"https:\/\/adv-transport.com\/#\/schema\/logo\/image\/\"}}]}<\/script>\n<!-- \/ Yoast SEO plugin. -->","yoast_head_json":{"title":"About - adv-transport.com","robots":{"index":"index","follow":"follow","max-snippet":"max-snippet:-1","max-image-preview":"max-image-preview:large","max-video-preview":"max-video-preview:-1"},"canonical":"https:\/\/adv-transport.com\/en\/onas\/","og_locale":"en_GB","og_type":"article","og_title":"About - adv-transport.com","og_description":"O nas Dowiedz si\u0119 wi\u0119cej o ADV Nasze Misje Nasze Warto\u015bci i Cele Nasza misja Nasz\u0105 misj\u0105 jest zapewnienie klientom [&hellip;]","og_url":"https:\/\/adv-transport.com\/en\/onas\/","og_site_name":"adv-transport.com","article_modified_time":"2024-07-23T13:41:50+00:00","og_image":[{"url":"https:\/\/multipurpose19.ziptemplates.top\/wp-content\/uploads\/2024\/05\/our-story.jpg","type":"","width":"","height":""}],"twitter_card":"summary_large_image","twitter_misc":{"Estimated reading time":"2 minutes"},"schema":{"@context":"https:\/\/schema.org","@graph":[{"@type":"WebPage","@id":"https:\/\/adv-transport.com\/onas\/","url":"https:\/\/adv-transport.com\/onas\/","name":"About - adv-transport.com","isPartOf":{"@id":"https:\/\/adv-transport.com\/#website"},"primaryImageOfPage":{"@id":"https:\/\/adv-transport.com\/onas\/#primaryimage"},"image":{"@id":"https:\/\/adv-transport.com\/onas\/#primaryimage"},"thumbnailUrl":"https:\/\/multipurpose19.ziptemplates.top\/wp-content\/uploads\/2024\/05\/our-story.jpg","datePublished":"2024-05-30T12:04:00+00:00","dateModified":"2024-07-23T13:41:50+00:00","breadcrumb":{"@id":"https:\/\/adv-transport.com\/onas\/#breadcrumb"},"inLanguage":"en-GB","potentialAction":[{"@type":"ReadAction","target":["https:\/\/adv-transport.com\/onas\/"]}]},{"@type":"ImageObject","inLanguage":"en-GB","@id":"https:\/\/adv-transport.com\/onas\/#primaryimage","url":"https:\/\/multipurpose19.ziptemplates.top\/wp-content\/uploads\/2024\/05\/our-story.jpg","contentUrl":"https:\/\/multipurpose19.ziptemplates.top\/wp-content\/uploads\/2024\/05\/our-story.jpg"},{"@type":"BreadcrumbList","@id":"https:\/\/adv-transport.com\/onas\/#breadcrumb","itemListElement":[{"@type":"ListItem","position":1,"name":"Strona g\u0142\u00f3wna","item":"https:\/\/adv-transport.com\/"},{"@type":"ListItem","position":2,"name":"About"}]},{"@type":"WebSite","@id":"https:\/\/adv-transport.com\/#website","url":"https:\/\/adv-transport.com\/","name":"adv-transport.com","description":"adv-transport.com","publisher":{"@id":"https:\/\/adv-transport.com\/#organization"},"potentialAction":[{"@type":"SearchAction","target":{"@type":"EntryPoint","urlTemplate":"https:\/\/adv-transport.com\/?s={search_term_string}"},"query-input":{"@type":"PropertyValueSpecification","valueRequired":true,"valueName":"search_term_string"}}],"inLanguage":"en-GB"},{"@type":"Organization","@id":"https:\/\/adv-transport.com\/#organization","name":"adv-transport.com","url":"https:\/\/adv-transport.com\/","logo":{"@type":"ImageObject","inLanguage":"en-GB","@id":"https:\/\/adv-transport.com\/#\/schema\/logo\/image\/","url":"https:\/\/adv-transport.com\/wp-content\/uploads\/2024\/06\/cropped-customcolor_logo_transparent_background-e1652343928826-1024x228-1.png","contentUrl":"https:\/\/adv-transport.com\/wp-content\/uploads\/2024\/06\/cropped-customcolor_logo_transparent_background-e1652343928826-1024x228-1.png","width":1024,"height":228,"caption":"adv-transport.com"},"image":{"@id":"https:\/\/adv-transport.com\/#\/schema\/logo\/image\/"}}]}},"uagb_featured_image_src":{"full":false,"thumbnail":false,"medium":false,"medium_large":false,"large":false,"1536x1536":false,"2048x2048":false,"trp-custom-language-flag":false},"uagb_author_info":{"display_name":"admin","author_link":"https:\/\/adv-transport.com\/en\/author\/admin\/"},"uagb_comment_info":0,"uagb_excerpt":"O nas Dowiedz si\u0119 wi\u0119cej o ADV Nasze Misje Nasze Warto\u015bci i Cele Nasza misja Nasz\u0105 misj\u0105 jest zapewnienie klientom [&hellip;]","_links":{"self":[{"href":"https:\/\/adv-transport.com\/en\/wp-json\/wp\/v2\/pages\/318","targetHints":{"allow":["GET"]}}],"collection":[{"href":"https:\/\/adv-transport.com\/en\/wp-json\/wp\/v2\/pages"}],"about":[{"href":"https:\/\/adv-transport.com\/en\/wp-json\/wp\/v2\/types\/page"}],"author":[{"embeddable":true,"href":"https:\/\/adv-transport.com\/en\/wp-json\/wp\/v2\/users\/1"}],"replies":[{"embeddable":true,"href":"https:\/\/adv-transport.com\/en\/wp-json\/wp\/v2\/comments?post=318"}],"version-history":[{"count":0,"href":"https:\/\/adv-transport.com\/en\/wp-json\/wp\/v2\/pages\/318\/revisions"}],"wp:attachment":[{"href":"https:\/\/adv-transport.com\/en\/wp-json\/wp\/v2\/media?parent=318"}],"curies":[{"name":"wp","href":"https:\/\/api.w.org\/{rel}","templated":true}]}}