{"id":255,"date":"2024-05-30T11:49:15","date_gmt":"2024-05-30T11:49:15","guid":{"rendered":"https:\/\/adv-transport2.eksperci.com.pl\/home\/"},"modified":"2024-11-25T15:40:20","modified_gmt":"2024-11-25T15:40:20","slug":"home","status":"publish","type":"page","link":"https:\/\/adv-transport.com\/en\/","title":{"rendered":"Home"},"content":{"rendered":"<div class=\"wp-block-uagb-container uagb-block-48f09e77 alignfull uagb-is-root-container\"><div class=\"uagb-container-inner-blocks-wrap\">\n<div class=\"wp-block-uagb-info-box uagb-block-707c436c uagb-infobox__content-wrap  uagb-infobox-icon-above-title uagb-infobox-image-valign-top wp-block-uagb-info-box--has-margin\"><div class=\"uagb-infobox-margin-wrapper\"><div class=\"uagb-ifb-content\"><div class=\"uagb-ifb-title-wrap\"><p class=\"uagb-ifb-title-prefix\">Professional International Transport<\/p><h1 class=\"uagb-ifb-title\">Optimal Transport Solutions for Your Business <\/h1><\/div><div class=\"uagb-ifb-button-wrapper wp-block-button\"><a href=\"\/en\/uslugi\/\" class=\"uagb-infobox-cta-link wp-block-button__link\" target=\"_self\" rel=\"noopener noreferrer\" onclick=\"return true;\"><span class=\"uagb-inline-editing\">OUR SERVICES<\/span><\/a><\/div><\/div><\/div><\/div>\n<\/div><\/div>\n\n\n\n<div class=\"wp-block-uagb-container uagb-block-3ec541a0 alignfull uagb-is-root-container\"><div class=\"uagb-container__video-wrap\"><video autoplay loop muted playsinline><source src=\"https:\/\/nowa.adv-transport.com\/wp-content\/uploads\/2024\/06\/adv-transport3.mp4\" type=\"video\/mp4\"\/><\/video><\/div>\n<div class=\"wp-block-uagb-container uagb-block-ecbd7e76\">\n<div class=\"wp-block-uagb-info-box uagb-block-15ed7467 uagb-infobox__content-wrap  uagb-infobox-icon-above-title uagb-infobox-image-valign-top\"><div class=\"uagb-ifb-content\"><div class=\"uagb-ifb-title-wrap\"><p class=\"uagb-ifb-title-prefix\">ABOUT US<\/p><h2 class=\"uagb-ifb-title\">Over Twenty Years of Experience in the World of Transport<\/h2><\/div><p class=\"uagb-ifb-desc\">ADV organizes various forms of transport, from air, sea, rail and road.<\/p><div class=\"uagb-ifb-button-wrapper wp-block-button\"><a href=\"\/en\/onas\/\" class=\"uagb-infobox-cta-link wp-block-button__link\" target=\"_self\" rel=\"noopener noreferrer\" onclick=\"return true;\"><span class=\"uagb-inline-editing\">READ MORE<\/span><\/a><\/div><\/div><\/div>\n<\/div>\n<\/div>\n\n\n\n<div class=\"wp-block-uagb-container uagb-layout-grid uagb-block-f7139a63 alignfull uagb-is-root-container\"><div class=\"uagb-container-inner-blocks-wrap\">\n<div class=\"wp-block-uagb-advanced-heading uagb-block-a606d50e\"><p class=\"uagb-desc-text\">OUR SERVICES<\/p><h2 class=\"uagb-heading-text\">Main Services We Offer<\/h2><\/div>\n\n\n\n<div class=\"wp-block-uagb-container uagb-block-aa0d8feb\">\n<div class=\"wp-block-uagb-advanced-heading uagb-block-ff72db2b\"><p class=\"uagb-desc-text\">01<\/p><h3 class=\"uagb-heading-text\"><a href=\"\/en\/uslugi\/transport-morski\/\">Sea freight<\/a><\/h3><\/div>\n<\/div>\n\n\n\n<div class=\"wp-block-uagb-container uagb-block-65c66f7e\">\n<div class=\"wp-block-uagb-advanced-heading uagb-block-219ae8c9\"><p class=\"uagb-desc-text\">02<\/p><h3 class=\"uagb-heading-text\"><a href=\"\/en\/uslugi\/transport-lotniczy\/\">Airfreight<\/a><\/h3><\/div>\n<\/div>\n\n\n\n<div class=\"wp-block-uagb-container uagb-block-3dd44775\">\n<div class=\"wp-block-uagb-advanced-heading uagb-block-9f2890cd\"><p class=\"uagb-desc-text\">03<\/p><h3 class=\"uagb-heading-text\"><a href=\"\/en\/uslugi\/transport-kolejowy\/\">Rail freight<\/a><\/h3><\/div>\n<\/div>\n\n\n\n<div class=\"wp-block-uagb-container uagb-block-c7903475\">\n<div class=\"wp-block-uagb-advanced-heading uagb-block-9ab33950\"><p class=\"uagb-desc-text\">04<\/p><h3 class=\"uagb-heading-text\"><a href=\"\/en\/uslugi\/transport-samochodowy\/\">Road freight<\/a><\/h3><\/div>\n<\/div>\n\n\n\n<div class=\"wp-block-uagb-advanced-heading uagb-block-afe797cd\"><p class=\"uagb-desc-text\">ADAM DZIUBI\u0143SKI, OWNER:<\/p><h2 class=\"uagb-heading-text\">\"We help, advise, listen to needs, and provide peace of mind for free.\"<\/h2><\/div>\n<\/div><\/div>\n\n\n\n<div class=\"wp-block-uagb-container uagb-block-9eb4dadd alignfull uagb-is-root-container\"><div class=\"uagb-container-inner-blocks-wrap\">\n<div class=\"wp-block-uagb-info-box uagb-block-df377dbb uagb-infobox__content-wrap  uagb-infobox-icon-above-title uagb-infobox-image-valign-top\"><div class=\"uagb-ifb-content\"><div class=\"uagb-ifb-title-wrap\"><p class=\"uagb-ifb-title-prefix\">JOIN US<\/p><h2 class=\"uagb-ifb-title\">Discover the Wide Range of Our Transport Services<\/h2><\/div><div class=\"uagb-ifb-button-wrapper wp-block-button\"><a href=\"\/en\/contact\/\" class=\"uagb-infobox-cta-link wp-block-button__link\" target=\"_self\" rel=\"noopener noreferrer\" onclick=\"return true;\"><span class=\"uagb-inline-editing\">CHECK NOW<\/span><\/a><\/div><\/div><\/div>\n<\/div><\/div>\n\n\n\n<div class=\"wp-block-uagb-container uagb-layout-grid uagb-block-d8faffdc alignfull uagb-is-root-container\"><div class=\"uagb-container-inner-blocks-wrap\">\n<div class=\"wp-block-uagb-advanced-heading uagb-block-a232c1da\"><p class=\"uagb-desc-text\">OUR MISSIONS<\/p><h2 class=\"uagb-heading-text\">Our Values \u200b\u200band Goals<\/h2><\/div>\n\n\n\n<div class=\"wp-block-uagb-container uagb-block-b3bbed70\">\n<div class=\"wp-block-uagb-advanced-heading uagb-block-80068c07\"><h3 class=\"uagb-heading-text\">Customized Solutions<\/h3><p class=\"uagb-desc-text\">We offer tailored transportation solutions that meet each customer's needs.<\/p><div class=\"uagb-separator\"><\/div><\/div>\n\n\n\n<div class=\"wp-block-uagb-advanced-heading uagb-block-976aaace\"><h3 class=\"uagb-heading-text\">Safe Deliveries<\/h3><p class=\"uagb-desc-text\">We ensure safety through continuous monitoring of deliveries and proven solutions.<\/p><div class=\"uagb-separator\"><\/div><\/div>\n\n\n\n<div class=\"wp-block-uagb-advanced-heading uagb-block-67998efb\"><h3 class=\"uagb-heading-text\">Professional Service<\/h3><p class=\"uagb-desc-text\">Our specialists provide professional service at every stage of transport.<\/p><\/div>\n<\/div>\n<\/div><\/div>\n\n\n\n<div class=\"wp-block-uagb-container uagb-block-05becbf7 default uagb-is-root-container\">\n<div class=\"wp-block-uagb-advanced-heading uagb-block-cabca6ca\"><p class=\"uagb-desc-text\">GLOBAL LOGISTICS ALLIANCE<\/p><h2 class=\"uagb-heading-text\">We belong to the GLA forwarders network<\/h2><\/div>\n\n\n\n<div class=\"wp-block-uagb-container uagb-layout-grid uagb-block-c8fe957d\">\n<div class=\"wp-block-uagb-container uagb-block-56bae6c5\">\n<div class=\"wp-block-uagb-image uagb-block-551cba16 wp-block-uagb-image--layout-default wp-block-uagb-image--effect-static wp-block-uagb-image--align-none\"><figure class=\"wp-block-uagb-image__figure\"><img decoding=\"async\" srcset=\"https:\/\/adv-transport.com\/wp-content\/uploads\/2024\/07\/bed73ef54ba678cade81eba42ab5b7f7cad4529f.png ,https:\/\/adv-transport.com\/wp-content\/uploads\/2024\/07\/bed73ef54ba678cade81eba42ab5b7f7cad4529f.png 780w, https:\/\/adv-transport.com\/wp-content\/uploads\/2024\/07\/bed73ef54ba678cade81eba42ab5b7f7cad4529f.png 360w\" sizes=\"auto, (max-width: 480px) 150px\" src=\"https:\/\/adv-transport.com\/wp-content\/uploads\/2024\/07\/bed73ef54ba678cade81eba42ab5b7f7cad4529f.png\" alt=\"\" class=\"uag-image-530\" width=\"384\" height=\"189\" title=\"bed73ef54ba678cade81eba42ab5b7f7cad4529f\" loading=\"lazy\" role=\"img\"\/><\/figure><\/div>\n<\/div>\n\n\n\n<div class=\"wp-block-uagb-container uagb-block-b0800c5a\">\n<figure class=\"wp-block-image size-large is-resized\"><a href=\"https:\/\/adv-transport.com\/wp-content\/uploads\/2024\/07\/0287cf7f4dee705ac12817f4321c2a89e2348b2e-scaled.jpg\"><img loading=\"lazy\" decoding=\"async\" width=\"728\" height=\"1024\" src=\"https:\/\/adv-transport.com\/wp-content\/uploads\/2024\/07\/0287cf7f4dee705ac12817f4321c2a89e2348b2e-728x1024.jpg\" alt=\"\" class=\"wp-image-529\" style=\"width:306px;height:auto\" srcset=\"https:\/\/adv-transport.com\/wp-content\/uploads\/2024\/07\/0287cf7f4dee705ac12817f4321c2a89e2348b2e-728x1024.jpg 728w, https:\/\/adv-transport.com\/wp-content\/uploads\/2024\/07\/0287cf7f4dee705ac12817f4321c2a89e2348b2e-213x300.jpg 213w, https:\/\/adv-transport.com\/wp-content\/uploads\/2024\/07\/0287cf7f4dee705ac12817f4321c2a89e2348b2e-768x1080.jpg 768w, https:\/\/adv-transport.com\/wp-content\/uploads\/2024\/07\/0287cf7f4dee705ac12817f4321c2a89e2348b2e-1092x1536.jpg 1092w, https:\/\/adv-transport.com\/wp-content\/uploads\/2024\/07\/0287cf7f4dee705ac12817f4321c2a89e2348b2e-1457x2048.jpg 1457w, https:\/\/adv-transport.com\/wp-content\/uploads\/2024\/07\/0287cf7f4dee705ac12817f4321c2a89e2348b2e-9x12.jpg 9w, https:\/\/adv-transport.com\/wp-content\/uploads\/2024\/07\/0287cf7f4dee705ac12817f4321c2a89e2348b2e-scaled.jpg 1821w\" sizes=\"auto, (max-width: 728px) 100vw, 728px\" \/><\/a><\/figure>\n<\/div>\n\n\n\n<div class=\"wp-block-uagb-container uagb-block-a03a5b9c\"><\/div>\n<\/div>\n<\/div>\n\n\n\n<div class=\"wp-block-uagb-container uagb-block-0ab4cf6e alignfull uagb-is-root-container\"><div class=\"uagb-container-inner-blocks-wrap\">\n<div class=\"wp-block-uagb-image uagb-block-2802db7d wp-block-uagb-image--layout-default wp-block-uagb-image--effect-static wp-block-uagb-image--align-none\"><figure class=\"wp-block-uagb-image__figure\"><img decoding=\"async\" srcset=\"https:\/\/adv-transport.com\/wp-content\/uploads\/2024\/07\/businessmen-shaking-hands-1024x681.jpg ,https:\/\/adv-transport.com\/wp-content\/uploads\/2024\/07\/businessmen-shaking-hands.jpg 780w, https:\/\/adv-transport.com\/wp-content\/uploads\/2024\/07\/businessmen-shaking-hands.jpg 360w\" sizes=\"auto, (max-width: 480px) 150px\" src=\"https:\/\/adv-transport.com\/wp-content\/uploads\/2024\/07\/businessmen-shaking-hands-1024x681.jpg\" alt=\"\" class=\"uag-image-516\" width=\"1200\" height=\"400\" title=\"businessmen-shaking-hands\" loading=\"lazy\" role=\"img\"\/><\/figure><\/div>\n\n\n\n<div class=\"wp-block-uagb-container uagb-layout-grid uagb-block-c7acfdc8\">\n<div class=\"wp-block-uagb-advanced-heading uagb-block-9948cea3\"><p class=\"uagb-desc-text\">OPINIONS<\/p><h2 class=\"uagb-heading-text\">What Our Customers Say About Us<\/h2><\/div>\n\n\n\n<div class=\"wp-block-uagb-container uagb-block-529d28c3\">\n<div class=\"wp-block-uagb-info-box uagb-block-86b16e2c uagb-infobox__content-wrap  uagb-infobox-icon-above-title uagb-infobox-image-valign-top wp-block-uagb-info-box--has-margin\"><div class=\"uagb-infobox-margin-wrapper\"><div class=\"uagb-ifb-content\"><div class=\"uagb-ifb-icon-wrap\"><svg xmlns=\"https:\/\/www.w3.org\/2000\/svg\" viewbox=\"0 0 448 512\"><path d=\"M96 224C84.72 224 74.05 226.3 64 229.9V224c0-35.3 28.7-64 64-64c17.67 0 32-14.33 32-32S145.7 96 128 96C57.42 96 0 153.4 0 224v96c0 53.02 42.98 96 96 96s96-42.98 96-96S149 224 96 224zM352 224c-11.28 0-21.95 2.305-32 5.879V224c0-35.3 28.7-64 64-64c17.67 0 32-14.33 32-32s-14.33-32-32-32c-70.58 0-128 57.42-128 128v96c0 53.02 42.98 96 96 96s96-42.98 96-96S405 224 352 224z\"><\/path><\/svg><\/div><div class=\"uagb-ifb-title-wrap\"><p class=\"uagb-ifb-title\">Professional service, timely deliveries, I recommend it with full confidence.<\/p><\/div><p class=\"uagb-ifb-desc\">Krzysztof Nowak<\/p><div class=\"uagb-ifb-separator\"><\/div><\/div><\/div><\/div>\n\n\n\n<div class=\"wp-block-uagb-info-box uagb-block-0772d731 uagb-infobox__content-wrap  uagb-infobox-icon-above-title uagb-infobox-image-valign-top\"><div class=\"uagb-ifb-content\"><div class=\"uagb-ifb-icon-wrap\"><svg xmlns=\"https:\/\/www.w3.org\/2000\/svg\" viewbox=\"0 0 448 512\"><path d=\"M96 224C84.72 224 74.05 226.3 64 229.9V224c0-35.3 28.7-64 64-64c17.67 0 32-14.33 32-32S145.7 96 128 96C57.42 96 0 153.4 0 224v96c0 53.02 42.98 96 96 96s96-42.98 96-96S149 224 96 224zM352 224c-11.28 0-21.95 2.305-32 5.879V224c0-35.3 28.7-64 64-64c17.67 0 32-14.33 32-32s-14.33-32-32-32c-70.58 0-128 57.42-128 128v96c0 53.02 42.98 96 96 96s96-42.98 96-96S405 224 352 224z\"><\/path><\/svg><\/div><div class=\"uagb-ifb-title-wrap\"><p class=\"uagb-ifb-title\">Great transport organization, I can always count on helpful staff.<\/p><\/div><p class=\"uagb-ifb-desc\">Agnieszka Kowalska<\/p><\/div><\/div>\n<\/div>\n<\/div>\n<\/div><\/div>\n\n\n\n<div class=\"wp-block-uagb-container uagb-block-9c27b936 alignfull uagb-is-root-container\"><div class=\"uagb-container-inner-blocks-wrap\">\n<div class=\"wp-block-uagb-info-box uagb-block-51fe0c8f uagb-infobox__content-wrap  uagb-infobox-icon-above-title uagb-infobox-image-valign-top\"><div class=\"uagb-ifb-content\"><div class=\"uagb-ifb-title-wrap\"><h2 class=\"uagb-ifb-title\">Use Our Services Today<\/h2><\/div><p class=\"uagb-ifb-desc\">Contact us to discuss the details and start using our professional transport services.<\/p><div class=\"uagb-ifb-button-wrapper wp-block-button\"><a href=\"\/en\/kontakt\/\" class=\"uagb-infobox-cta-link wp-block-button__link\" target=\"_self\" rel=\"noopener noreferrer\" onclick=\"return true;\"><span class=\"uagb-inline-editing\">CHECK NOW<\/span><\/a><\/div><\/div><\/div>\n<\/div><\/div>","protected":false},"excerpt":{"rendered":"<p>Nasze Us\u0142ugi G\u0142\u00f3wne Us\u0142ugi, Kt\u00f3re Oferujemy 01 Transport morski 02 Transport lotniczy 03 Transport kolejowy 04 Transport samochodowy Adam dziubi\u0144ski, [&hellip;]<\/p>","protected":false},"author":1,"featured_media":0,"parent":0,"menu_order":0,"comment_status":"closed","ping_status":"closed","template":"","meta":{"_uag_custom_page_level_css":"","site-sidebar-layout":"default","site-content-layout":"","ast-site-content-layout":"","site-content-style":"default","site-sidebar-style":"default","ast-global-header-display":"","ast-banner-title-visibility":"","ast-main-header-display":"","ast-hfb-above-header-display":"","ast-hfb-below-header-display":"","ast-hfb-mobile-header-display":"","site-post-title":"disabled","ast-breadcrumbs-content":"","ast-featured-img":"","footer-sml-layout":"","theme-transparent-header-meta":"","adv-header-id-meta":"","stick-header-meta":"","header-above-stick-meta":"","header-main-stick-meta":"","header-below-stick-meta":"","astra-migrate-meta-layouts":"default","ast-page-background-enabled":"default","ast-page-background-meta":{"desktop":{"background-color":"var(--ast-global-color-4)","background-image":"","background-repeat":"repeat","background-position":"center center","background-size":"auto","background-attachment":"scroll","background-type":"","background-media":"","overlay-type":"","overlay-color":"","overlay-opacity":"","overlay-gradient":""},"tablet":{"background-color":"","background-image":"","background-repeat":"repeat","background-position":"center center","background-size":"auto","background-attachment":"scroll","background-type":"","background-media":"","overlay-type":"","overlay-color":"","overlay-opacity":"","overlay-gradient":""},"mobile":{"background-color":"","background-image":"","background-repeat":"repeat","background-position":"center center","background-size":"auto","background-attachment":"scroll","background-type":"","background-media":"","overlay-type":"","overlay-color":"","overlay-opacity":"","overlay-gradient":""}},"ast-content-background-meta":{"desktop":{"background-color":"var(--ast-global-color-5)","background-image":"","background-repeat":"repeat","background-position":"center center","background-size":"auto","background-attachment":"scroll","background-type":"","background-media":"","overlay-type":"","overlay-color":"","overlay-opacity":"","overlay-gradient":""},"tablet":{"background-color":"var(--ast-global-color-5)","background-image":"","background-repeat":"repeat","background-position":"center center","background-size":"auto","background-attachment":"scroll","background-type":"","background-media":"","overlay-type":"","overlay-color":"","overlay-opacity":"","overlay-gradient":""},"mobile":{"background-color":"var(--ast-global-color-5)","background-image":"","background-repeat":"repeat","background-position":"center center","background-size":"auto","background-attachment":"scroll","background-type":"","background-media":"","overlay-type":"","overlay-color":"","overlay-opacity":"","overlay-gradient":""}},"footnotes":""},"class_list":["post-255","page","type-page","status-publish","hentry"],"yoast_head":"<!-- This site is optimized with the Yoast SEO plugin v25.5 - https:\/\/yoast.com\/wordpress\/plugins\/seo\/ -->\n<title>Profesjonalny transport mi\u0119dzynarodowy dla firm ADV-TRANSPORT<\/title>\n<meta name=\"description\" content=\"Szukasz firmy do transportu mi\u0119dzynarodowego? Morskiego? Lotniczego? Kolejowego? Samochodowego? Zapraszamy do szkorzystania z naszej oferty.\" \/>\n<meta name=\"robots\" content=\"index, follow, max-snippet:-1, max-image-preview:large, max-video-preview:-1\" \/>\n<link rel=\"canonical\" href=\"https:\/\/adv-transport.com\/en\/\" \/>\n<meta property=\"og:locale\" content=\"en_GB\" \/>\n<meta property=\"og:type\" content=\"article\" \/>\n<meta property=\"og:title\" content=\"Profesjonalny transport mi\u0119dzynarodowy dla firm ADV-TRANSPORT\" \/>\n<meta property=\"og:description\" content=\"Szukasz firmy do transportu mi\u0119dzynarodowego? Morskiego? Lotniczego? Kolejowego? Samochodowego? Zapraszamy do szkorzystania z naszej oferty.\" \/>\n<meta property=\"og:url\" content=\"https:\/\/adv-transport.com\/en\/\" \/>\n<meta property=\"og:site_name\" content=\"adv-transport.com\" \/>\n<meta property=\"article:modified_time\" content=\"2024-11-25T15:40:20+00:00\" \/>\n<meta property=\"og:image\" content=\"https:\/\/adv-transport.com\/wp-content\/uploads\/2024\/07\/bed73ef54ba678cade81eba42ab5b7f7cad4529f.png\" \/>\n<meta name=\"twitter:card\" content=\"summary_large_image\" \/>\n<meta name=\"twitter:label1\" content=\"Estimated reading time\" \/>\n\t<meta name=\"twitter:data1\" content=\"2 minutes\" \/>\n<script type=\"application\/ld+json\" class=\"yoast-schema-graph\">{\"@context\":\"https:\/\/schema.org\",\"@graph\":[{\"@type\":\"WebPage\",\"@id\":\"https:\/\/adv-transport.com\/\",\"url\":\"https:\/\/adv-transport.com\/\",\"name\":\"Profesjonalny transport mi\u0119dzynarodowy dla firm ADV-TRANSPORT\",\"isPartOf\":{\"@id\":\"https:\/\/adv-transport.com\/#website\"},\"primaryImageOfPage\":{\"@id\":\"https:\/\/adv-transport.com\/#primaryimage\"},\"image\":{\"@id\":\"https:\/\/adv-transport.com\/#primaryimage\"},\"thumbnailUrl\":\"https:\/\/adv-transport.com\/wp-content\/uploads\/2024\/07\/bed73ef54ba678cade81eba42ab5b7f7cad4529f.png\",\"datePublished\":\"2024-05-30T11:49:15+00:00\",\"dateModified\":\"2024-11-25T15:40:20+00:00\",\"description\":\"Szukasz firmy do transportu mi\u0119dzynarodowego? Morskiego? Lotniczego? Kolejowego? Samochodowego? Zapraszamy do szkorzystania z naszej oferty.\",\"breadcrumb\":{\"@id\":\"https:\/\/adv-transport.com\/#breadcrumb\"},\"inLanguage\":\"en-GB\",\"potentialAction\":[{\"@type\":\"ReadAction\",\"target\":[\"https:\/\/adv-transport.com\/\"]}]},{\"@type\":\"ImageObject\",\"inLanguage\":\"en-GB\",\"@id\":\"https:\/\/adv-transport.com\/#primaryimage\",\"url\":\"https:\/\/adv-transport.com\/wp-content\/uploads\/2024\/07\/bed73ef54ba678cade81eba42ab5b7f7cad4529f.png\",\"contentUrl\":\"https:\/\/adv-transport.com\/wp-content\/uploads\/2024\/07\/bed73ef54ba678cade81eba42ab5b7f7cad4529f.png\"},{\"@type\":\"BreadcrumbList\",\"@id\":\"https:\/\/adv-transport.com\/#breadcrumb\",\"itemListElement\":[{\"@type\":\"ListItem\",\"position\":1,\"name\":\"Strona g\u0142\u00f3wna\",\"item\":\"https:\/\/adv-transport.com\/\"},{\"@type\":\"ListItem\",\"position\":2,\"name\":\"Home\"}]},{\"@type\":\"WebSite\",\"@id\":\"https:\/\/adv-transport.com\/#website\",\"url\":\"https:\/\/adv-transport.com\/\",\"name\":\"adv-transport.com\",\"description\":\"adv-transport.com\",\"publisher\":{\"@id\":\"https:\/\/adv-transport.com\/#organization\"},\"potentialAction\":[{\"@type\":\"SearchAction\",\"target\":{\"@type\":\"EntryPoint\",\"urlTemplate\":\"https:\/\/adv-transport.com\/?s={search_term_string}\"},\"query-input\":{\"@type\":\"PropertyValueSpecification\",\"valueRequired\":true,\"valueName\":\"search_term_string\"}}],\"inLanguage\":\"en-GB\"},{\"@type\":\"Organization\",\"@id\":\"https:\/\/adv-transport.com\/#organization\",\"name\":\"adv-transport.com\",\"url\":\"https:\/\/adv-transport.com\/\",\"logo\":{\"@type\":\"ImageObject\",\"inLanguage\":\"en-GB\",\"@id\":\"https:\/\/adv-transport.com\/#\/schema\/logo\/image\/\",\"url\":\"https:\/\/adv-transport.com\/wp-content\/uploads\/2024\/06\/cropped-customcolor_logo_transparent_background-e1652343928826-1024x228-1.png\",\"contentUrl\":\"https:\/\/adv-transport.com\/wp-content\/uploads\/2024\/06\/cropped-customcolor_logo_transparent_background-e1652343928826-1024x228-1.png\",\"width\":1024,\"height\":228,\"caption\":\"adv-transport.com\"},\"image\":{\"@id\":\"https:\/\/adv-transport.com\/#\/schema\/logo\/image\/\"}}]}<\/script>\n<!-- \/ Yoast SEO plugin. -->","yoast_head_json":{"title":"Profesjonalny transport mi\u0119dzynarodowy dla firm ADV-TRANSPORT","description":"Szukasz firmy do transportu mi\u0119dzynarodowego? Morskiego? Lotniczego? Kolejowego? Samochodowego? Zapraszamy do szkorzystania z naszej oferty.","robots":{"index":"index","follow":"follow","max-snippet":"max-snippet:-1","max-image-preview":"max-image-preview:large","max-video-preview":"max-video-preview:-1"},"canonical":"https:\/\/adv-transport.com\/en\/","og_locale":"en_GB","og_type":"article","og_title":"Profesjonalny transport mi\u0119dzynarodowy dla firm ADV-TRANSPORT","og_description":"Szukasz firmy do transportu mi\u0119dzynarodowego? Morskiego? Lotniczego? Kolejowego? Samochodowego? Zapraszamy do szkorzystania z naszej oferty.","og_url":"https:\/\/adv-transport.com\/en\/","og_site_name":"adv-transport.com","article_modified_time":"2024-11-25T15:40:20+00:00","og_image":[{"url":"https:\/\/adv-transport.com\/wp-content\/uploads\/2024\/07\/bed73ef54ba678cade81eba42ab5b7f7cad4529f.png","type":"","width":"","height":""}],"twitter_card":"summary_large_image","twitter_misc":{"Estimated reading time":"2 minutes"},"schema":{"@context":"https:\/\/schema.org","@graph":[{"@type":"WebPage","@id":"https:\/\/adv-transport.com\/","url":"https:\/\/adv-transport.com\/","name":"Profesjonalny transport mi\u0119dzynarodowy dla firm ADV-TRANSPORT","isPartOf":{"@id":"https:\/\/adv-transport.com\/#website"},"primaryImageOfPage":{"@id":"https:\/\/adv-transport.com\/#primaryimage"},"image":{"@id":"https:\/\/adv-transport.com\/#primaryimage"},"thumbnailUrl":"https:\/\/adv-transport.com\/wp-content\/uploads\/2024\/07\/bed73ef54ba678cade81eba42ab5b7f7cad4529f.png","datePublished":"2024-05-30T11:49:15+00:00","dateModified":"2024-11-25T15:40:20+00:00","description":"Szukasz firmy do transportu mi\u0119dzynarodowego? Morskiego? Lotniczego? Kolejowego? Samochodowego? Zapraszamy do szkorzystania z naszej oferty.","breadcrumb":{"@id":"https:\/\/adv-transport.com\/#breadcrumb"},"inLanguage":"en-GB","potentialAction":[{"@type":"ReadAction","target":["https:\/\/adv-transport.com\/"]}]},{"@type":"ImageObject","inLanguage":"en-GB","@id":"https:\/\/adv-transport.com\/#primaryimage","url":"https:\/\/adv-transport.com\/wp-content\/uploads\/2024\/07\/bed73ef54ba678cade81eba42ab5b7f7cad4529f.png","contentUrl":"https:\/\/adv-transport.com\/wp-content\/uploads\/2024\/07\/bed73ef54ba678cade81eba42ab5b7f7cad4529f.png"},{"@type":"BreadcrumbList","@id":"https:\/\/adv-transport.com\/#breadcrumb","itemListElement":[{"@type":"ListItem","position":1,"name":"Strona g\u0142\u00f3wna","item":"https:\/\/adv-transport.com\/"},{"@type":"ListItem","position":2,"name":"Home"}]},{"@type":"WebSite","@id":"https:\/\/adv-transport.com\/#website","url":"https:\/\/adv-transport.com\/","name":"adv-transport.com","description":"adv-transport.com","publisher":{"@id":"https:\/\/adv-transport.com\/#organization"},"potentialAction":[{"@type":"SearchAction","target":{"@type":"EntryPoint","urlTemplate":"https:\/\/adv-transport.com\/?s={search_term_string}"},"query-input":{"@type":"PropertyValueSpecification","valueRequired":true,"valueName":"search_term_string"}}],"inLanguage":"en-GB"},{"@type":"Organization","@id":"https:\/\/adv-transport.com\/#organization","name":"adv-transport.com","url":"https:\/\/adv-transport.com\/","logo":{"@type":"ImageObject","inLanguage":"en-GB","@id":"https:\/\/adv-transport.com\/#\/schema\/logo\/image\/","url":"https:\/\/adv-transport.com\/wp-content\/uploads\/2024\/06\/cropped-customcolor_logo_transparent_background-e1652343928826-1024x228-1.png","contentUrl":"https:\/\/adv-transport.com\/wp-content\/uploads\/2024\/06\/cropped-customcolor_logo_transparent_background-e1652343928826-1024x228-1.png","width":1024,"height":228,"caption":"adv-transport.com"},"image":{"@id":"https:\/\/adv-transport.com\/#\/schema\/logo\/image\/"}}]}},"uagb_featured_image_src":{"full":false,"thumbnail":false,"medium":false,"medium_large":false,"large":false,"1536x1536":false,"2048x2048":false,"trp-custom-language-flag":false},"uagb_author_info":{"display_name":"admin","author_link":"https:\/\/adv-transport.com\/en\/author\/admin\/"},"uagb_comment_info":0,"uagb_excerpt":"Nasze Us\u0142ugi G\u0142\u00f3wne Us\u0142ugi, Kt\u00f3re Oferujemy 01 Transport morski 02 Transport lotniczy 03 Transport kolejowy 04 Transport samochodowy Adam dziubi\u0144ski, [&hellip;]","_links":{"self":[{"href":"https:\/\/adv-transport.com\/en\/wp-json\/wp\/v2\/pages\/255","targetHints":{"allow":["GET"]}}],"collection":[{"href":"https:\/\/adv-transport.com\/en\/wp-json\/wp\/v2\/pages"}],"about":[{"href":"https:\/\/adv-transport.com\/en\/wp-json\/wp\/v2\/types\/page"}],"author":[{"embeddable":true,"href":"https:\/\/adv-transport.com\/en\/wp-json\/wp\/v2\/users\/1"}],"replies":[{"embeddable":true,"href":"https:\/\/adv-transport.com\/en\/wp-json\/wp\/v2\/comments?post=255"}],"version-history":[{"count":0,"href":"https:\/\/adv-transport.com\/en\/wp-json\/wp\/v2\/pages\/255\/revisions"}],"wp:attachment":[{"href":"https:\/\/adv-transport.com\/en\/wp-json\/wp\/v2\/media?parent=255"}],"curies":[{"name":"wp","href":"https:\/\/api.w.org\/{rel}","templated":true}]}}